{"id":209013,"date":"2026-03-04T01:35:31","date_gmt":"2026-03-04T00:35:31","guid":{"rendered":"https:\/\/grupotextil.es\/producto\/boligrafo-stamina-talbot-1917\/"},"modified":"2026-03-04T06:14:38","modified_gmt":"2026-03-04T05:14:38","slug":"boligrafo-stamina-talbot-1917","status":"publish","type":"product","link":"https:\/\/grupotextil.es\/en\/product\/boligrafo-stamina-talbot-1917\/","title":{"rendered":"Bol\u00edgrafo Stamina Talbot 1917"},"content":{"rendered":"<p>Bol\u00edgrafo l\u00e1piz infinito 2 en 1 con cuerpo met\u00e1lico. Cuenta con bol\u00edgrafo de carga jumbo de tinta azul en uno de sus extremos y en el opuesto, l\u00e1piz de punta infinita, ambos con tapa. Presentaci\u00f3n individual en estuche negro individual con acolchado interior.<\/p>","protected":false},"excerpt":{"rendered":"<p>Bol\u00edgrafo l\u00e1piz infinito 2 en 1 con cuerpo met\u00e1lico. Cuenta con bol\u00edgrafo de carga jumbo de tinta azul en uno de sus extremos y en el opuesto, l\u00e1piz de punta infinita, ambos con tapa. Presentaci\u00f3n individual en estuche negro individual con acolchado interior.<\/p>","protected":false},"featured_media":209014,"comment_status":"open","ping_status":"closed","template":"","meta":{"_acf_changed":false},"product_brand":[14012],"product_cat":[14006,13972],"product_tag":[],"class_list":{"0":"post-209013","1":"product","2":"type-product","3":"status-publish","4":"has-post-thumbnail","6":"product_brand-stamina","7":"product_cat-acc-merchandising","8":"product_cat-oficina-y-escritura","9":"tm-no-options","11":"first","12":"outofstock","13":"taxable","14":"shipping-taxable","15":"product-type-variable"},"acf":[],"_links":{"self":[{"href":"https:\/\/grupotextil.es\/en\/wp-json\/wp\/v2\/product\/209013","targetHints":{"allow":["GET"]}}],"collection":[{"href":"https:\/\/grupotextil.es\/en\/wp-json\/wp\/v2\/product"}],"about":[{"href":"https:\/\/grupotextil.es\/en\/wp-json\/wp\/v2\/types\/product"}],"replies":[{"embeddable":true,"href":"https:\/\/grupotextil.es\/en\/wp-json\/wp\/v2\/comments?post=209013"}],"wp:featuredmedia":[{"embeddable":true,"href":"https:\/\/grupotextil.es\/en\/wp-json\/wp\/v2\/media\/209014"}],"wp:attachment":[{"href":"https:\/\/grupotextil.es\/en\/wp-json\/wp\/v2\/media?parent=209013"}],"wp:term":[{"taxonomy":"product_brand","embeddable":true,"href":"https:\/\/grupotextil.es\/en\/wp-json\/wp\/v2\/product_brand?post=209013"},{"taxonomy":"product_cat","embeddable":true,"href":"https:\/\/grupotextil.es\/en\/wp-json\/wp\/v2\/product_cat?post=209013"},{"taxonomy":"product_tag","embeddable":true,"href":"https:\/\/grupotextil.es\/en\/wp-json\/wp\/v2\/product_tag?post=209013"}],"curies":[{"name":"wp","href":"https:\/\/api.w.org\/{rel}","templated":true}]}}