{"id":209022,"date":"2026-03-04T01:35:50","date_gmt":"2026-03-04T00:35:50","guid":{"rendered":"https:\/\/grupotextil.es\/producto\/bidon-stamina-bulgon-1911\/"},"modified":"2026-03-04T06:14:39","modified_gmt":"2026-03-04T05:14:39","slug":"bidon-stamina-bulgon-1911","status":"publish","type":"product","link":"https:\/\/grupotextil.es\/en\/product\/bidon-stamina-bulgon-1911\/","title":{"rendered":"Bid\u00f3n Stamina Bulgon 1911"},"content":{"rendered":"<p>Bid\u00f3n t\u00e9rmico elaborado en acero inoxidable 304 reciclado de doble pared, lo que contribuye a mantener las bebidas a la temperatura \u00f3ptima durante m\u00e1s tiempo. Cuenta con una capacidad de 500ml. Adem\u00e1s, incluye un dosificador con pajita de silicona desplegable al pulsar el bot\u00f3n incorporado. Cuenta con sistema antigoteo y asa de transporte fija a conjunto incorporado en la estructura de su tapa.<\/p>","protected":false},"excerpt":{"rendered":"<p>Bid\u00f3n t\u00e9rmico elaborado en acero inoxidable 304 reciclado de doble pared, lo que contribuye a mantener las bebidas a la temperatura \u00f3ptima durante m\u00e1s tiempo. Cuenta con una capacidad de 500ml. Adem\u00e1s, incluye un dosificador con pajita de silicona desplegable al pulsar el bot\u00f3n incorporado. Cuenta con sistema antigoteo y asa de transporte fija a conjunto incorporado en la estructura de su tapa.<\/p>","protected":false},"featured_media":209023,"comment_status":"open","ping_status":"closed","template":"","meta":{"_acf_changed":false},"product_brand":[14012],"product_cat":[13958,14006,13971],"product_tag":[],"class_list":{"0":"post-209022","1":"product","2":"type-product","3":"status-publish","4":"has-post-thumbnail","6":"product_brand-stamina","7":"product_cat-mr-botellas-y-termos","8":"product_cat-acc-merchandising","9":"product_cat-mr-tazas","10":"tm-no-options","12":"first","13":"outofstock","14":"taxable","15":"shipping-taxable","16":"product-type-variable"},"acf":[],"_links":{"self":[{"href":"https:\/\/grupotextil.es\/en\/wp-json\/wp\/v2\/product\/209022","targetHints":{"allow":["GET"]}}],"collection":[{"href":"https:\/\/grupotextil.es\/en\/wp-json\/wp\/v2\/product"}],"about":[{"href":"https:\/\/grupotextil.es\/en\/wp-json\/wp\/v2\/types\/product"}],"replies":[{"embeddable":true,"href":"https:\/\/grupotextil.es\/en\/wp-json\/wp\/v2\/comments?post=209022"}],"wp:featuredmedia":[{"embeddable":true,"href":"https:\/\/grupotextil.es\/en\/wp-json\/wp\/v2\/media\/209023"}],"wp:attachment":[{"href":"https:\/\/grupotextil.es\/en\/wp-json\/wp\/v2\/media?parent=209022"}],"wp:term":[{"taxonomy":"product_brand","embeddable":true,"href":"https:\/\/grupotextil.es\/en\/wp-json\/wp\/v2\/product_brand?post=209022"},{"taxonomy":"product_cat","embeddable":true,"href":"https:\/\/grupotextil.es\/en\/wp-json\/wp\/v2\/product_cat?post=209022"},{"taxonomy":"product_tag","embeddable":true,"href":"https:\/\/grupotextil.es\/en\/wp-json\/wp\/v2\/product_tag?post=209022"}],"curies":[{"name":"wp","href":"https:\/\/api.w.org\/{rel}","templated":true}]}}