{"id":209032,"date":"2026-03-04T01:36:11","date_gmt":"2026-03-04T00:36:11","guid":{"rendered":"https:\/\/grupotextil.es\/producto\/bidon-stamina-noblek-1912\/"},"modified":"2026-03-04T06:14:39","modified_gmt":"2026-03-04T05:14:39","slug":"bidon-stamina-noblek-1912","status":"publish","type":"product","link":"https:\/\/grupotextil.es\/en\/product\/bidon-stamina-noblek-1912\/","title":{"rendered":"Bid\u00f3n Stamina Noblek 1912"},"content":{"rendered":"<p>Bid\u00f3n t\u00e9rmico de doble pared elaborado en acero inoxidable 304 reciclado. Con capacidad de 540 ml. Incorpora tap\u00f3n de boquilla ababtible incorporada. Tanto la boquilla como el cuello del bid\u00f3n cuentan con sistema antigoteo gracias a que incorporan un anillo de silicona. El cuerpo del bid\u00f3n se caracteriza por su dise\u00f1o con paneles verticales, ideal para el marcaje. El asa de transporte es retra\u00edble, lo que la hace m\u00e1s c\u00f3modo en su uso diario.<\/p>","protected":false},"excerpt":{"rendered":"<p>Bid\u00f3n t\u00e9rmico de doble pared elaborado en acero inoxidable 304 reciclado. Con capacidad de 540 ml. Incorpora tap\u00f3n de boquilla ababtible incorporada. Tanto la boquilla como el cuello del bid\u00f3n cuentan con sistema antigoteo gracias a que incorporan un anillo de silicona. El cuerpo del bid\u00f3n se caracteriza por su dise\u00f1o con paneles verticales, ideal para el marcaje. El asa de transporte es retra\u00edble, lo que la hace m\u00e1s c\u00f3modo en su uso diario.<\/p>","protected":false},"featured_media":209033,"comment_status":"open","ping_status":"closed","template":"","meta":{"_acf_changed":false},"product_brand":[14012],"product_cat":[13958,14006,13971],"product_tag":[],"class_list":{"0":"post-209032","1":"product","2":"type-product","3":"status-publish","4":"has-post-thumbnail","6":"product_brand-stamina","7":"product_cat-mr-botellas-y-termos","8":"product_cat-acc-merchandising","9":"product_cat-mr-tazas","10":"tm-no-options","12":"first","13":"outofstock","14":"taxable","15":"shipping-taxable","16":"product-type-variable"},"acf":[],"_links":{"self":[{"href":"https:\/\/grupotextil.es\/en\/wp-json\/wp\/v2\/product\/209032","targetHints":{"allow":["GET"]}}],"collection":[{"href":"https:\/\/grupotextil.es\/en\/wp-json\/wp\/v2\/product"}],"about":[{"href":"https:\/\/grupotextil.es\/en\/wp-json\/wp\/v2\/types\/product"}],"replies":[{"embeddable":true,"href":"https:\/\/grupotextil.es\/en\/wp-json\/wp\/v2\/comments?post=209032"}],"wp:featuredmedia":[{"embeddable":true,"href":"https:\/\/grupotextil.es\/en\/wp-json\/wp\/v2\/media\/209033"}],"wp:attachment":[{"href":"https:\/\/grupotextil.es\/en\/wp-json\/wp\/v2\/media?parent=209032"}],"wp:term":[{"taxonomy":"product_brand","embeddable":true,"href":"https:\/\/grupotextil.es\/en\/wp-json\/wp\/v2\/product_brand?post=209032"},{"taxonomy":"product_cat","embeddable":true,"href":"https:\/\/grupotextil.es\/en\/wp-json\/wp\/v2\/product_cat?post=209032"},{"taxonomy":"product_tag","embeddable":true,"href":"https:\/\/grupotextil.es\/en\/wp-json\/wp\/v2\/product_tag?post=209032"}],"curies":[{"name":"wp","href":"https:\/\/api.w.org\/{rel}","templated":true}]}}