{"id":209041,"date":"2026-03-04T01:36:25","date_gmt":"2026-03-04T00:36:25","guid":{"rendered":"https:\/\/grupotextil.es\/producto\/bidon-stamina-bloson-1987\/"},"modified":"2026-03-04T06:14:39","modified_gmt":"2026-03-04T05:14:39","slug":"bidon-stamina-bloson-1987","status":"publish","type":"product","link":"https:\/\/grupotextil.es\/en\/product\/bidon-stamina-bloson-1987\/","title":{"rendered":"Bid\u00f3n Stamina Bloson 1987"},"content":{"rendered":"<p>Bid\u00f3n t\u00e9rmico elaborado en acero inoxidable 304 con doble pared. Con capacidad para 550 ml. Cuenta con doble apertura en el cuerpo, separando el dosficiador de \u00e9ste que hace su uso m\u00e1s vers\u00e1til, permitiendo por ejemplo, poder introducir hielo en su interior. Adem\u00e1s, el dosificador cuenta con una tapa independiente.<\/p>","protected":false},"excerpt":{"rendered":"<p>Bid\u00f3n t\u00e9rmico elaborado en acero inoxidable 304 con doble pared. Con capacidad para 550 ml. Cuenta con doble apertura en el cuerpo, separando el dosficiador de \u00e9ste que hace su uso m\u00e1s vers\u00e1til, permitiendo por ejemplo, poder introducir hielo en su interior. Adem\u00e1s, el dosificador cuenta con una tapa independiente.<\/p>","protected":false},"featured_media":209042,"comment_status":"open","ping_status":"closed","template":"","meta":{"_acf_changed":false},"product_brand":[14012],"product_cat":[13958,14006,13971],"product_tag":[],"class_list":{"0":"post-209041","1":"product","2":"type-product","3":"status-publish","4":"has-post-thumbnail","6":"product_brand-stamina","7":"product_cat-mr-botellas-y-termos","8":"product_cat-acc-merchandising","9":"product_cat-mr-tazas","10":"tm-no-options","12":"first","13":"outofstock","14":"taxable","15":"shipping-taxable","16":"product-type-variable"},"acf":[],"_links":{"self":[{"href":"https:\/\/grupotextil.es\/en\/wp-json\/wp\/v2\/product\/209041","targetHints":{"allow":["GET"]}}],"collection":[{"href":"https:\/\/grupotextil.es\/en\/wp-json\/wp\/v2\/product"}],"about":[{"href":"https:\/\/grupotextil.es\/en\/wp-json\/wp\/v2\/types\/product"}],"replies":[{"embeddable":true,"href":"https:\/\/grupotextil.es\/en\/wp-json\/wp\/v2\/comments?post=209041"}],"wp:featuredmedia":[{"embeddable":true,"href":"https:\/\/grupotextil.es\/en\/wp-json\/wp\/v2\/media\/209042"}],"wp:attachment":[{"href":"https:\/\/grupotextil.es\/en\/wp-json\/wp\/v2\/media?parent=209041"}],"wp:term":[{"taxonomy":"product_brand","embeddable":true,"href":"https:\/\/grupotextil.es\/en\/wp-json\/wp\/v2\/product_brand?post=209041"},{"taxonomy":"product_cat","embeddable":true,"href":"https:\/\/grupotextil.es\/en\/wp-json\/wp\/v2\/product_cat?post=209041"},{"taxonomy":"product_tag","embeddable":true,"href":"https:\/\/grupotextil.es\/en\/wp-json\/wp\/v2\/product_tag?post=209041"}],"curies":[{"name":"wp","href":"https:\/\/api.w.org\/{rel}","templated":true}]}}