{"id":209090,"date":"2026-03-04T01:37:44","date_gmt":"2026-03-04T00:37:44","guid":{"rendered":"https:\/\/grupotextil.es\/producto\/pantalon-deportivo-roly-urus-0436-hombre\/"},"modified":"2026-03-10T01:58:25","modified_gmt":"2026-03-10T00:58:25","slug":"pantalon-deportivo-roly-urus-0436-hombre","status":"publish","type":"product","link":"https:\/\/grupotextil.es\/en\/product\/pantalon-deportivo-roly-urus-0436-hombre\/","title":{"rendered":"Pantal\u00f3n Deportivo Roly Urus 0436 Hombre"},"content":{"rendered":"<p>Pantal\u00f3n largo de deporte. Cintura engomada y cord\u00f3n de ajuste. Bolsillos laterales con cremallera. Banda lateral a contraste hasta media pierna. Piezas a la altura de las rodillas. Rib 1\u00d71 en tobillos. Dos opciones de color para combinar con la chaqueta GLADIUS.<\/p>","protected":false},"excerpt":{"rendered":"<p>Pantal\u00f3n largo de deporte. Cintura engomada y cord\u00f3n de ajuste. Bolsillos laterales con cremallera. Banda lateral a contraste hasta media pierna. Piezas a la altura de las rodillas. Rib 1\u00d71 en tobillos. Dos opciones de color para combinar con la chaqueta GLADIUS.<\/p>","protected":false},"featured_media":209091,"comment_status":"open","ping_status":"closed","template":"","meta":{"_acf_changed":false},"product_brand":[14011],"product_cat":[13939,13974,13983,13973],"product_tag":[],"class_list":{"0":"post-209090","1":"product","2":"type-product","3":"status-publish","4":"has-post-thumbnail","6":"product_brand-roly","7":"product_cat-deportivo","8":"product_cat-ropa-hombre","9":"product_cat-h-pantalones","10":"product_cat-ropa","11":"tm-no-options","13":"first","14":"instock","15":"taxable","16":"shipping-taxable","17":"product-type-variable"},"acf":[],"_links":{"self":[{"href":"https:\/\/grupotextil.es\/en\/wp-json\/wp\/v2\/product\/209090","targetHints":{"allow":["GET"]}}],"collection":[{"href":"https:\/\/grupotextil.es\/en\/wp-json\/wp\/v2\/product"}],"about":[{"href":"https:\/\/grupotextil.es\/en\/wp-json\/wp\/v2\/types\/product"}],"replies":[{"embeddable":true,"href":"https:\/\/grupotextil.es\/en\/wp-json\/wp\/v2\/comments?post=209090"}],"wp:featuredmedia":[{"embeddable":true,"href":"https:\/\/grupotextil.es\/en\/wp-json\/wp\/v2\/media\/209091"}],"wp:attachment":[{"href":"https:\/\/grupotextil.es\/en\/wp-json\/wp\/v2\/media?parent=209090"}],"wp:term":[{"taxonomy":"product_brand","embeddable":true,"href":"https:\/\/grupotextil.es\/en\/wp-json\/wp\/v2\/product_brand?post=209090"},{"taxonomy":"product_cat","embeddable":true,"href":"https:\/\/grupotextil.es\/en\/wp-json\/wp\/v2\/product_cat?post=209090"},{"taxonomy":"product_tag","embeddable":true,"href":"https:\/\/grupotextil.es\/en\/wp-json\/wp\/v2\/product_tag?post=209090"}],"curies":[{"name":"wp","href":"https:\/\/api.w.org\/{rel}","templated":true}]}}