{"id":209302,"date":"2026-03-04T01:40:11","date_gmt":"2026-03-04T00:40:11","guid":{"rendered":"https:\/\/grupotextil.es\/producto\/sudadera-deportiva-roly-valier-0437-hombre\/"},"modified":"2026-03-10T01:58:24","modified_gmt":"2026-03-10T00:58:24","slug":"sudadera-deportiva-roly-valier-0437-hombre","status":"publish","type":"product","link":"https:\/\/grupotextil.es\/en\/product\/sudadera-deportiva-roly-valier-0437-hombre\/","title":{"rendered":"Sudadera Deportiva Roly Valier 0437 Hombre"},"content":{"rendered":"<p>Sudadera deportiva manga rangl\u00e1n de cuello alto y cremallera frontal. Rib 1\u00d71 en bajo, cuello y pu\u00f1os. Cubrecosturas de tejido principal. Detalle en cuello trasero y pu\u00f1o en tejido principal. Vivo reflectante en sisa rangl\u00e1n en delantero y espalda.<\/p>","protected":false},"excerpt":{"rendered":"<p>Sudadera deportiva manga rangl\u00e1n de cuello alto y cremallera frontal. Rib 1\u00d71 en bajo, cuello y pu\u00f1os. Cubrecosturas de tejido principal. Detalle en cuello trasero y pu\u00f1o en tejido principal. Vivo reflectante en sisa rangl\u00e1n en delantero y espalda.<\/p>","protected":false},"featured_media":209303,"comment_status":"open","ping_status":"closed","template":"","meta":{"_acf_changed":false},"product_brand":[14011],"product_cat":[14005,13939,13974,13973,13980],"product_tag":[],"class_list":{"0":"post-209302","1":"product","2":"type-product","3":"status-publish","4":"has-post-thumbnail","6":"product_brand-roly","7":"product_cat-rd-cortavientos","8":"product_cat-deportivo","9":"product_cat-ropa-hombre","10":"product_cat-ropa","11":"product_cat-h-sudaderas","12":"tm-no-options","14":"first","15":"instock","16":"taxable","17":"shipping-taxable","18":"product-type-variable"},"acf":[],"_links":{"self":[{"href":"https:\/\/grupotextil.es\/en\/wp-json\/wp\/v2\/product\/209302","targetHints":{"allow":["GET"]}}],"collection":[{"href":"https:\/\/grupotextil.es\/en\/wp-json\/wp\/v2\/product"}],"about":[{"href":"https:\/\/grupotextil.es\/en\/wp-json\/wp\/v2\/types\/product"}],"replies":[{"embeddable":true,"href":"https:\/\/grupotextil.es\/en\/wp-json\/wp\/v2\/comments?post=209302"}],"wp:featuredmedia":[{"embeddable":true,"href":"https:\/\/grupotextil.es\/en\/wp-json\/wp\/v2\/media\/209303"}],"wp:attachment":[{"href":"https:\/\/grupotextil.es\/en\/wp-json\/wp\/v2\/media?parent=209302"}],"wp:term":[{"taxonomy":"product_brand","embeddable":true,"href":"https:\/\/grupotextil.es\/en\/wp-json\/wp\/v2\/product_brand?post=209302"},{"taxonomy":"product_cat","embeddable":true,"href":"https:\/\/grupotextil.es\/en\/wp-json\/wp\/v2\/product_cat?post=209302"},{"taxonomy":"product_tag","embeddable":true,"href":"https:\/\/grupotextil.es\/en\/wp-json\/wp\/v2\/product_tag?post=209302"}],"curies":[{"name":"wp","href":"https:\/\/api.w.org\/{rel}","templated":true}]}}