{"id":209399,"date":"2026-03-04T01:41:04","date_gmt":"2026-03-04T00:41:04","guid":{"rendered":"https:\/\/grupotextil.es\/producto\/mascara-de-proteccion-roly-darak-9081-unisex\/"},"modified":"2026-03-04T06:14:40","modified_gmt":"2026-03-04T05:14:40","slug":"mascara-de-proteccion-roly-darak-9081-unisex","status":"publish","type":"product","link":"https:\/\/grupotextil.es\/en\/product\/mascara-de-proteccion-roly-darak-9081-unisex\/","title":{"rendered":"M\u00e1scara de Protecci\u00f3n Roly Darak 9081 Unisex"},"content":{"rendered":"<p>M\u00e1scara transpirable de protecci\u00f3n.\u00b7 Tejido el\u00e1stico ajustable.\u00b7 Accesorio multiusos que se adapta a diferentes entornos.<\/p>","protected":false},"excerpt":{"rendered":"<p>M\u00e1scara transpirable de protecci\u00f3n.\u00b7 Tejido el\u00e1stico ajustable.\u00b7 Accesorio multiusos que se adapta a diferentes entornos.<\/p>","protected":false},"featured_media":209400,"comment_status":"open","ping_status":"closed","template":"","meta":{"_acf_changed":false},"product_brand":[14011],"product_cat":[13967,13930],"product_tag":[],"class_list":{"0":"post-209399","1":"product","2":"type-product","3":"status-publish","4":"has-post-thumbnail","6":"product_brand-roly","7":"product_cat-rl-industria-y-servicios","8":"product_cat-laboral","9":"tm-no-options","11":"first","12":"instock","13":"taxable","14":"shipping-taxable","15":"product-type-variable"},"acf":[],"_links":{"self":[{"href":"https:\/\/grupotextil.es\/en\/wp-json\/wp\/v2\/product\/209399","targetHints":{"allow":["GET"]}}],"collection":[{"href":"https:\/\/grupotextil.es\/en\/wp-json\/wp\/v2\/product"}],"about":[{"href":"https:\/\/grupotextil.es\/en\/wp-json\/wp\/v2\/types\/product"}],"replies":[{"embeddable":true,"href":"https:\/\/grupotextil.es\/en\/wp-json\/wp\/v2\/comments?post=209399"}],"wp:featuredmedia":[{"embeddable":true,"href":"https:\/\/grupotextil.es\/en\/wp-json\/wp\/v2\/media\/209400"}],"wp:attachment":[{"href":"https:\/\/grupotextil.es\/en\/wp-json\/wp\/v2\/media?parent=209399"}],"wp:term":[{"taxonomy":"product_brand","embeddable":true,"href":"https:\/\/grupotextil.es\/en\/wp-json\/wp\/v2\/product_brand?post=209399"},{"taxonomy":"product_cat","embeddable":true,"href":"https:\/\/grupotextil.es\/en\/wp-json\/wp\/v2\/product_cat?post=209399"},{"taxonomy":"product_tag","embeddable":true,"href":"https:\/\/grupotextil.es\/en\/wp-json\/wp\/v2\/product_tag?post=209399"}],"curies":[{"name":"wp","href":"https:\/\/api.w.org\/{rel}","templated":true}]}}