{"id":209405,"date":"2026-03-04T01:41:22","date_gmt":"2026-03-04T00:41:22","guid":{"rendered":"https:\/\/grupotextil.es\/producto\/chaqueta-deportiva-roly-gladius-0435ni-nino\/"},"modified":"2026-03-04T06:14:40","modified_gmt":"2026-03-04T05:14:40","slug":"chaqueta-deportiva-roly-gladius-0435ni-nino","status":"publish","type":"product","link":"https:\/\/grupotextil.es\/en\/product\/chaqueta-deportiva-roly-gladius-0435ni-nino\/","title":{"rendered":"Chaqueta Deportiva Roly Gladius 0435NI Ni\u00f1o"},"content":{"rendered":"<p>Chaqueta deportiva manga rangl\u00e1n. Cremallera frontal. Dos bolsillos laterales con cremallera. Rib 1\u00d71 en cuello, pu\u00f1os y bajo. Cubrecosturas a contraste. Mangas a contraste de color con bandas a lo largo de la manga. Opciones de color para combinar con pantal\u00f3n URUS.<\/p>","protected":false},"excerpt":{"rendered":"<p>Chaqueta deportiva manga rangl\u00e1n. Cremallera frontal. Dos bolsillos laterales con cremallera. Rib 1\u00d71 en cuello, pu\u00f1os y bajo. Cubrecosturas a contraste. Mangas a contraste de color con bandas a lo largo de la manga. Opciones de color para combinar con pantal\u00f3n URUS.<\/p>","protected":false},"featured_media":209406,"comment_status":"open","ping_status":"closed","template":"","meta":{"_acf_changed":false},"product_brand":[14011],"product_cat":[13998,14005,13939,13976,13973],"product_tag":[],"class_list":{"0":"post-209405","1":"product","2":"type-product","3":"status-publish","4":"has-post-thumbnail","6":"product_brand-roly","7":"product_cat-n-chaquetas","8":"product_cat-rd-cortavientos","9":"product_cat-deportivo","10":"product_cat-ropa-nino","11":"product_cat-ropa","12":"tm-no-options","14":"first","15":"instock","16":"taxable","17":"shipping-taxable","18":"product-type-variable"},"acf":[],"_links":{"self":[{"href":"https:\/\/grupotextil.es\/en\/wp-json\/wp\/v2\/product\/209405","targetHints":{"allow":["GET"]}}],"collection":[{"href":"https:\/\/grupotextil.es\/en\/wp-json\/wp\/v2\/product"}],"about":[{"href":"https:\/\/grupotextil.es\/en\/wp-json\/wp\/v2\/types\/product"}],"replies":[{"embeddable":true,"href":"https:\/\/grupotextil.es\/en\/wp-json\/wp\/v2\/comments?post=209405"}],"wp:featuredmedia":[{"embeddable":true,"href":"https:\/\/grupotextil.es\/en\/wp-json\/wp\/v2\/media\/209406"}],"wp:attachment":[{"href":"https:\/\/grupotextil.es\/en\/wp-json\/wp\/v2\/media?parent=209405"}],"wp:term":[{"taxonomy":"product_brand","embeddable":true,"href":"https:\/\/grupotextil.es\/en\/wp-json\/wp\/v2\/product_brand?post=209405"},{"taxonomy":"product_cat","embeddable":true,"href":"https:\/\/grupotextil.es\/en\/wp-json\/wp\/v2\/product_cat?post=209405"},{"taxonomy":"product_tag","embeddable":true,"href":"https:\/\/grupotextil.es\/en\/wp-json\/wp\/v2\/product_tag?post=209405"}],"curies":[{"name":"wp","href":"https:\/\/api.w.org\/{rel}","templated":true}]}}