{"id":209551,"date":"2026-03-04T01:42:39","date_gmt":"2026-03-04T00:42:39","guid":{"rendered":"https:\/\/grupotextil.es\/producto\/conjunto-deportivo-roly-titan-0325ni-nino\/"},"modified":"2026-03-04T06:14:41","modified_gmt":"2026-03-04T05:14:41","slug":"conjunto-deportivo-roly-titan-0325ni-nino","status":"publish","type":"product","link":"https:\/\/grupotextil.es\/en\/product\/conjunto-deportivo-roly-titan-0325ni-nino\/","title":{"rendered":"Conjunto Deportivo Roly Titan 0325NI Ni\u00f1o"},"content":{"rendered":"<p>Conjunto deportivo camiseta de manga corta y pantal\u00f3n corto. Estampado en pieza frontal. Vivos en las costuras de las mangas rangl\u00e1n. Detalle tejido mesh en la parte central de la espalda libre para reprocesos. Pantal\u00f3n de tejido principal con bandas laterales en tejido transpirable. Vivos a contraste en costuras.<\/p>","protected":false},"excerpt":{"rendered":"<p>Conjunto deportivo camiseta de manga corta y pantal\u00f3n corto. Estampado en pieza frontal. Vivos en las costuras de las mangas rangl\u00e1n. Detalle tejido mesh en la parte central de la espalda libre para reprocesos. Pantal\u00f3n de tejido principal con bandas laterales en tejido transpirable. Vivos a contraste en costuras.<\/p>","protected":false},"featured_media":209552,"comment_status":"open","ping_status":"closed","template":"","meta":{"_acf_changed":false},"product_brand":[14011],"product_cat":[13940,13939,13976],"product_tag":[],"class_list":{"0":"post-209551","1":"product","2":"type-product","3":"status-publish","4":"has-post-thumbnail","6":"product_brand-roly","7":"product_cat-rd-conjuntos-deportivos","8":"product_cat-deportivo","9":"product_cat-ropa-nino","10":"tm-no-options","12":"first","13":"instock","14":"taxable","15":"shipping-taxable","16":"product-type-variable"},"acf":[],"_links":{"self":[{"href":"https:\/\/grupotextil.es\/en\/wp-json\/wp\/v2\/product\/209551","targetHints":{"allow":["GET"]}}],"collection":[{"href":"https:\/\/grupotextil.es\/en\/wp-json\/wp\/v2\/product"}],"about":[{"href":"https:\/\/grupotextil.es\/en\/wp-json\/wp\/v2\/types\/product"}],"replies":[{"embeddable":true,"href":"https:\/\/grupotextil.es\/en\/wp-json\/wp\/v2\/comments?post=209551"}],"wp:featuredmedia":[{"embeddable":true,"href":"https:\/\/grupotextil.es\/en\/wp-json\/wp\/v2\/media\/209552"}],"wp:attachment":[{"href":"https:\/\/grupotextil.es\/en\/wp-json\/wp\/v2\/media?parent=209551"}],"wp:term":[{"taxonomy":"product_brand","embeddable":true,"href":"https:\/\/grupotextil.es\/en\/wp-json\/wp\/v2\/product_brand?post=209551"},{"taxonomy":"product_cat","embeddable":true,"href":"https:\/\/grupotextil.es\/en\/wp-json\/wp\/v2\/product_cat?post=209551"},{"taxonomy":"product_tag","embeddable":true,"href":"https:\/\/grupotextil.es\/en\/wp-json\/wp\/v2\/product_tag?post=209551"}],"curies":[{"name":"wp","href":"https:\/\/api.w.org\/{rel}","templated":true}]}}