{"id":209581,"date":"2026-03-04T01:42:53","date_gmt":"2026-03-04T00:42:53","guid":{"rendered":"https:\/\/grupotextil.es\/producto\/camiseta-roly-forza-0324ni-nino\/"},"modified":"2026-03-04T06:14:41","modified_gmt":"2026-03-04T05:14:41","slug":"camiseta-roly-forza-0324ni-nino","status":"publish","type":"product","link":"https:\/\/grupotextil.es\/en\/product\/camiseta-roly-forza-0324ni-nino\/","title":{"rendered":"Camiseta Roly Forza 0324NI Ni\u00f1o"},"content":{"rendered":"<p>Camiseta de manga corta con costuras laterales. Poli\u00e9ster tacto algod\u00f3n. Cuello redondo en tejido principal del mismo color que las mangas. Cubrecosturas en cuello del mismo tejido al tono de las mangas.<\/p>","protected":false},"excerpt":{"rendered":"<p>Camiseta de manga corta con costuras laterales. Poli\u00e9ster tacto algod\u00f3n. Cuello redondo en tejido principal del mismo color que las mangas. Cubrecosturas en cuello del mismo tejido al tono de las mangas.<\/p>","protected":false},"featured_media":209582,"comment_status":"open","ping_status":"closed","template":"","meta":{"_acf_changed":false},"product_brand":[14011],"product_cat":[13931,13995,13930,13976,13973],"product_tag":[],"class_list":{"0":"post-209581","1":"product","2":"type-product","3":"status-publish","4":"has-post-thumbnail","6":"product_brand-roly","7":"product_cat-rl-alta-visibilidad","8":"product_cat-n-camisetas","9":"product_cat-laboral","10":"product_cat-ropa-nino","11":"product_cat-ropa","12":"tm-no-options","14":"first","15":"outofstock","16":"taxable","17":"shipping-taxable","18":"product-type-variable"},"acf":[],"_links":{"self":[{"href":"https:\/\/grupotextil.es\/en\/wp-json\/wp\/v2\/product\/209581","targetHints":{"allow":["GET"]}}],"collection":[{"href":"https:\/\/grupotextil.es\/en\/wp-json\/wp\/v2\/product"}],"about":[{"href":"https:\/\/grupotextil.es\/en\/wp-json\/wp\/v2\/types\/product"}],"replies":[{"embeddable":true,"href":"https:\/\/grupotextil.es\/en\/wp-json\/wp\/v2\/comments?post=209581"}],"wp:featuredmedia":[{"embeddable":true,"href":"https:\/\/grupotextil.es\/en\/wp-json\/wp\/v2\/media\/209582"}],"wp:attachment":[{"href":"https:\/\/grupotextil.es\/en\/wp-json\/wp\/v2\/media?parent=209581"}],"wp:term":[{"taxonomy":"product_brand","embeddable":true,"href":"https:\/\/grupotextil.es\/en\/wp-json\/wp\/v2\/product_brand?post=209581"},{"taxonomy":"product_cat","embeddable":true,"href":"https:\/\/grupotextil.es\/en\/wp-json\/wp\/v2\/product_cat?post=209581"},{"taxonomy":"product_tag","embeddable":true,"href":"https:\/\/grupotextil.es\/en\/wp-json\/wp\/v2\/product_tag?post=209581"}],"curies":[{"name":"wp","href":"https:\/\/api.w.org\/{rel}","templated":true}]}}