{"id":209625,"date":"2026-03-04T01:43:36","date_gmt":"2026-03-04T00:43:36","guid":{"rendered":"https:\/\/grupotextil.es\/producto\/outlet-camiseta-roly-mujer-laredo-6581\/"},"modified":"2026-03-04T06:14:41","modified_gmt":"2026-03-04T05:14:41","slug":"outlet-camiseta-roly-mujer-laredo-6581","status":"publish","type":"product","link":"https:\/\/grupotextil.es\/en\/product\/outlet-camiseta-roly-mujer-laredo-6581\/","title":{"rendered":"*OUTLET* Camiseta Roly Mujer Laredo 6581"},"content":{"rendered":"<p>Camiseta de tirantes entallada, de sisas y escote ribeteado ancho y enrollado. Costuras laterales. 100% algod\u00f3n, canal\u00e9 1\u00d71, 220 g\/m\u00b2<\/p>","protected":false},"excerpt":{"rendered":"<p>Camiseta de tirantes entallada, de sisas y escote ribeteado ancho y enrollado. Costuras laterales. 100% algod\u00f3n, canal\u00e9 1\u00d71, 220 g\/m\u00b2<\/p>","protected":false},"featured_media":209626,"comment_status":"open","ping_status":"closed","template":"","meta":{"_acf_changed":false},"product_brand":[14011],"product_cat":[13974,13975,13973],"product_tag":[],"class_list":{"0":"post-209625","1":"product","2":"type-product","3":"status-publish","4":"has-post-thumbnail","6":"product_brand-roly","7":"product_cat-ropa-hombre","8":"product_cat-ropa-mujer","9":"product_cat-ropa","10":"tm-no-options","12":"first","13":"instock","14":"taxable","15":"shipping-taxable","16":"product-type-variable"},"acf":[],"_links":{"self":[{"href":"https:\/\/grupotextil.es\/en\/wp-json\/wp\/v2\/product\/209625","targetHints":{"allow":["GET"]}}],"collection":[{"href":"https:\/\/grupotextil.es\/en\/wp-json\/wp\/v2\/product"}],"about":[{"href":"https:\/\/grupotextil.es\/en\/wp-json\/wp\/v2\/types\/product"}],"replies":[{"embeddable":true,"href":"https:\/\/grupotextil.es\/en\/wp-json\/wp\/v2\/comments?post=209625"}],"wp:featuredmedia":[{"embeddable":true,"href":"https:\/\/grupotextil.es\/en\/wp-json\/wp\/v2\/media\/209626"}],"wp:attachment":[{"href":"https:\/\/grupotextil.es\/en\/wp-json\/wp\/v2\/media?parent=209625"}],"wp:term":[{"taxonomy":"product_brand","embeddable":true,"href":"https:\/\/grupotextil.es\/en\/wp-json\/wp\/v2\/product_brand?post=209625"},{"taxonomy":"product_cat","embeddable":true,"href":"https:\/\/grupotextil.es\/en\/wp-json\/wp\/v2\/product_cat?post=209625"},{"taxonomy":"product_tag","embeddable":true,"href":"https:\/\/grupotextil.es\/en\/wp-json\/wp\/v2\/product_tag?post=209625"}],"curies":[{"name":"wp","href":"https:\/\/api.w.org\/{rel}","templated":true}]}}