{"id":209689,"date":"2026-03-04T01:45:11","date_gmt":"2026-03-04T00:45:11","guid":{"rendered":"https:\/\/grupotextil.es\/producto\/vaso-termico-stamina-seward-1895\/"},"modified":"2026-03-04T06:14:41","modified_gmt":"2026-03-04T05:14:41","slug":"vaso-termico-stamina-seward-1895","status":"publish","type":"product","link":"https:\/\/grupotextil.es\/en\/product\/vaso-termico-stamina-seward-1895\/","title":{"rendered":"Vaso T\u00e9rmico Stamina Seward 1895"},"content":{"rendered":"<p>Vaso t\u00e9rmico dise\u00f1o curvado elaborado en acero inoxidable 304 reciclado. Con doble pared, acabado mate y textura ribeteada en su parte inferior. Con capacidad para 500 ml. Cuenta tapa a rosca y apertura abatible con boquilla en color negro.<\/p>","protected":false},"excerpt":{"rendered":"<p>Vaso t\u00e9rmico dise\u00f1o curvado elaborado en acero inoxidable 304 reciclado. Con doble pared, acabado mate y textura ribeteada en su parte inferior. Con capacidad para 500 ml. Cuenta tapa a rosca y apertura abatible con boquilla en color negro.<\/p>","protected":false},"featured_media":209690,"comment_status":"open","ping_status":"closed","template":"","meta":{"_acf_changed":false},"product_brand":[14012],"product_cat":[13958,14006,13971],"product_tag":[],"class_list":{"0":"post-209689","1":"product","2":"type-product","3":"status-publish","4":"has-post-thumbnail","6":"product_brand-stamina","7":"product_cat-mr-botellas-y-termos","8":"product_cat-acc-merchandising","9":"product_cat-mr-tazas","10":"tm-no-options","12":"first","13":"instock","14":"taxable","15":"shipping-taxable","16":"product-type-variable"},"acf":[],"_links":{"self":[{"href":"https:\/\/grupotextil.es\/en\/wp-json\/wp\/v2\/product\/209689","targetHints":{"allow":["GET"]}}],"collection":[{"href":"https:\/\/grupotextil.es\/en\/wp-json\/wp\/v2\/product"}],"about":[{"href":"https:\/\/grupotextil.es\/en\/wp-json\/wp\/v2\/types\/product"}],"replies":[{"embeddable":true,"href":"https:\/\/grupotextil.es\/en\/wp-json\/wp\/v2\/comments?post=209689"}],"wp:featuredmedia":[{"embeddable":true,"href":"https:\/\/grupotextil.es\/en\/wp-json\/wp\/v2\/media\/209690"}],"wp:attachment":[{"href":"https:\/\/grupotextil.es\/en\/wp-json\/wp\/v2\/media?parent=209689"}],"wp:term":[{"taxonomy":"product_brand","embeddable":true,"href":"https:\/\/grupotextil.es\/en\/wp-json\/wp\/v2\/product_brand?post=209689"},{"taxonomy":"product_cat","embeddable":true,"href":"https:\/\/grupotextil.es\/en\/wp-json\/wp\/v2\/product_cat?post=209689"},{"taxonomy":"product_tag","embeddable":true,"href":"https:\/\/grupotextil.es\/en\/wp-json\/wp\/v2\/product_tag?post=209689"}],"curies":[{"name":"wp","href":"https:\/\/api.w.org\/{rel}","templated":true}]}}