{"id":209700,"date":"2026-03-04T01:45:32","date_gmt":"2026-03-04T00:45:32","guid":{"rendered":"https:\/\/grupotextil.es\/producto\/set-tazas-de-cafe-stamina-robus-1849\/"},"modified":"2026-03-04T06:14:42","modified_gmt":"2026-03-04T05:14:42","slug":"set-tazas-de-cafe-stamina-robus-1849","status":"publish","type":"product","link":"https:\/\/grupotextil.es\/en\/product\/set-tazas-de-cafe-stamina-robus-1849\/","title":{"rendered":"Set Tazas de Caf\u00e9 Stamina Robus 1849"},"content":{"rendered":"<p>Set de caf\u00e9 compuesto por 2 tazas de cristal de doble pared con un posavasos invididual cuadrado elaborados en bamb\u00fa para cada una. Cada taza a\u00edsla el calor gracias a su doble pared, haciendo m\u00e1s c\u00f3modo su uso. Cada taza cuenta con una capacidad de 90 ml.<\/p>","protected":false},"excerpt":{"rendered":"<p>Set de caf\u00e9 compuesto por 2 tazas de cristal de doble pared con un posavasos invididual cuadrado elaborados en bamb\u00fa para cada una. Cada taza a\u00edsla el calor gracias a su doble pared, haciendo m\u00e1s c\u00f3modo su uso. Cada taza cuenta con una capacidad de 90 ml.<\/p>","protected":false},"featured_media":209701,"comment_status":"open","ping_status":"closed","template":"","meta":{"_acf_changed":false},"product_brand":[14012],"product_cat":[14006,13971],"product_tag":[],"class_list":{"0":"post-209700","1":"product","2":"type-product","3":"status-publish","4":"has-post-thumbnail","6":"product_brand-stamina","7":"product_cat-acc-merchandising","8":"product_cat-mr-tazas","9":"tm-no-options","11":"first","12":"instock","13":"taxable","14":"shipping-taxable","15":"product-type-variable"},"acf":[],"_links":{"self":[{"href":"https:\/\/grupotextil.es\/en\/wp-json\/wp\/v2\/product\/209700","targetHints":{"allow":["GET"]}}],"collection":[{"href":"https:\/\/grupotextil.es\/en\/wp-json\/wp\/v2\/product"}],"about":[{"href":"https:\/\/grupotextil.es\/en\/wp-json\/wp\/v2\/types\/product"}],"replies":[{"embeddable":true,"href":"https:\/\/grupotextil.es\/en\/wp-json\/wp\/v2\/comments?post=209700"}],"wp:featuredmedia":[{"embeddable":true,"href":"https:\/\/grupotextil.es\/en\/wp-json\/wp\/v2\/media\/209701"}],"wp:attachment":[{"href":"https:\/\/grupotextil.es\/en\/wp-json\/wp\/v2\/media?parent=209700"}],"wp:term":[{"taxonomy":"product_brand","embeddable":true,"href":"https:\/\/grupotextil.es\/en\/wp-json\/wp\/v2\/product_brand?post=209700"},{"taxonomy":"product_cat","embeddable":true,"href":"https:\/\/grupotextil.es\/en\/wp-json\/wp\/v2\/product_cat?post=209700"},{"taxonomy":"product_tag","embeddable":true,"href":"https:\/\/grupotextil.es\/en\/wp-json\/wp\/v2\/product_tag?post=209700"}],"curies":[{"name":"wp","href":"https:\/\/api.w.org\/{rel}","templated":true}]}}