{"id":209816,"date":"2026-03-04T01:48:32","date_gmt":"2026-03-04T00:48:32","guid":{"rendered":"https:\/\/grupotextil.es\/producto\/camiseta-tecnica-roly-ventor-0312-unisex\/"},"modified":"2026-03-10T01:59:08","modified_gmt":"2026-03-10T00:59:08","slug":"camiseta-tecnica-roly-ventor-0312-unisex","status":"publish","type":"product","link":"https:\/\/grupotextil.es\/en\/product\/camiseta-tecnica-roly-ventor-0312-unisex\/","title":{"rendered":"Camiseta T\u00e9cnica Roly Ventor 0312 Unisex"},"content":{"rendered":"<p>Camiseta t\u00e9cnica manga ranglan unisex. Mangas en color s\u00f3lido. Frontal y espalda sublimados. Cuello en el mismo tejido al tono de las mangas.<\/p>","protected":false},"excerpt":{"rendered":"<p>Camiseta t\u00e9cnica manga ranglan unisex. Mangas en color s\u00f3lido. Frontal y espalda sublimados. Cuello en el mismo tejido al tono de las mangas.<\/p>","protected":false},"featured_media":209817,"comment_status":"open","ping_status":"closed","template":"","meta":{"_acf_changed":false},"product_brand":[14011],"product_cat":[13931,13986,14004,13939,13930,13975,13973],"product_tag":[],"class_list":{"0":"post-209816","1":"product","2":"type-product","3":"status-publish","4":"has-post-thumbnail","6":"product_brand-roly","7":"product_cat-rl-alta-visibilidad","8":"product_cat-m-camisetas-manga-corta","9":"product_cat-rd-camisetas-tecnicas","10":"product_cat-deportivo","11":"product_cat-laboral","12":"product_cat-ropa-mujer","13":"product_cat-ropa","14":"tm-no-options","16":"first","17":"outofstock","18":"taxable","19":"shipping-taxable","20":"product-type-variable"},"acf":[],"_links":{"self":[{"href":"https:\/\/grupotextil.es\/en\/wp-json\/wp\/v2\/product\/209816","targetHints":{"allow":["GET"]}}],"collection":[{"href":"https:\/\/grupotextil.es\/en\/wp-json\/wp\/v2\/product"}],"about":[{"href":"https:\/\/grupotextil.es\/en\/wp-json\/wp\/v2\/types\/product"}],"replies":[{"embeddable":true,"href":"https:\/\/grupotextil.es\/en\/wp-json\/wp\/v2\/comments?post=209816"}],"wp:featuredmedia":[{"embeddable":true,"href":"https:\/\/grupotextil.es\/en\/wp-json\/wp\/v2\/media\/209817"}],"wp:attachment":[{"href":"https:\/\/grupotextil.es\/en\/wp-json\/wp\/v2\/media?parent=209816"}],"wp:term":[{"taxonomy":"product_brand","embeddable":true,"href":"https:\/\/grupotextil.es\/en\/wp-json\/wp\/v2\/product_brand?post=209816"},{"taxonomy":"product_cat","embeddable":true,"href":"https:\/\/grupotextil.es\/en\/wp-json\/wp\/v2\/product_cat?post=209816"},{"taxonomy":"product_tag","embeddable":true,"href":"https:\/\/grupotextil.es\/en\/wp-json\/wp\/v2\/product_tag?post=209816"}],"curies":[{"name":"wp","href":"https:\/\/api.w.org\/{rel}","templated":true}]}}