{"id":209891,"date":"2026-03-04T01:50:50","date_gmt":"2026-03-04T00:50:50","guid":{"rendered":"https:\/\/grupotextil.es\/producto\/llavero-antiestres-stamina-galion-1904\/"},"modified":"2026-03-04T06:14:43","modified_gmt":"2026-03-04T05:14:43","slug":"llavero-antiestres-stamina-galion-1904","status":"publish","type":"product","link":"https:\/\/grupotextil.es\/en\/product\/llavero-antiestres-stamina-galion-1904\/","title":{"rendered":"Llavero Antiestr\u00e9s Stamina Galion 1904"},"content":{"rendered":"<p>Llavero elaborado en bamb\u00fa con soporte para smartphone y funci\u00f3n antiestr\u00e9s. Su dise\u00f1o cuenta con botones tipo teclado en blanco que pueden pulsarse y utilizarse como medio antiestr\u00e9s.<\/p>","protected":false},"excerpt":{"rendered":"<p>Llavero elaborado en bamb\u00fa con soporte para smartphone y funci\u00f3n antiestr\u00e9s. Su dise\u00f1o cuenta con botones tipo teclado en blanco que pueden pulsarse y utilizarse como medio antiestr\u00e9s.<\/p>","protected":false},"featured_media":209892,"comment_status":"open","ping_status":"closed","template":"","meta":{"_acf_changed":false},"product_brand":[14012],"product_cat":[13973],"product_tag":[],"class_list":{"0":"post-209891","1":"product","2":"type-product","3":"status-publish","4":"has-post-thumbnail","6":"product_brand-stamina","7":"product_cat-ropa","8":"tm-no-options","10":"first","11":"instock","12":"taxable","13":"shipping-taxable","14":"product-type-variable"},"acf":[],"_links":{"self":[{"href":"https:\/\/grupotextil.es\/en\/wp-json\/wp\/v2\/product\/209891","targetHints":{"allow":["GET"]}}],"collection":[{"href":"https:\/\/grupotextil.es\/en\/wp-json\/wp\/v2\/product"}],"about":[{"href":"https:\/\/grupotextil.es\/en\/wp-json\/wp\/v2\/types\/product"}],"replies":[{"embeddable":true,"href":"https:\/\/grupotextil.es\/en\/wp-json\/wp\/v2\/comments?post=209891"}],"wp:featuredmedia":[{"embeddable":true,"href":"https:\/\/grupotextil.es\/en\/wp-json\/wp\/v2\/media\/209892"}],"wp:attachment":[{"href":"https:\/\/grupotextil.es\/en\/wp-json\/wp\/v2\/media?parent=209891"}],"wp:term":[{"taxonomy":"product_brand","embeddable":true,"href":"https:\/\/grupotextil.es\/en\/wp-json\/wp\/v2\/product_brand?post=209891"},{"taxonomy":"product_cat","embeddable":true,"href":"https:\/\/grupotextil.es\/en\/wp-json\/wp\/v2\/product_cat?post=209891"},{"taxonomy":"product_tag","embeddable":true,"href":"https:\/\/grupotextil.es\/en\/wp-json\/wp\/v2\/product_tag?post=209891"}],"curies":[{"name":"wp","href":"https:\/\/api.w.org\/{rel}","templated":true}]}}