{"id":209916,"date":"2026-03-04T01:52:10","date_gmt":"2026-03-04T00:52:10","guid":{"rendered":"https:\/\/grupotextil.es\/producto\/set-de-cocina-stamina-ginger-1830\/"},"modified":"2026-03-04T06:14:43","modified_gmt":"2026-03-04T05:14:43","slug":"set-de-cocina-stamina-ginger-1830","status":"publish","type":"product","link":"https:\/\/grupotextil.es\/en\/product\/set-de-cocina-stamina-ginger-1830\/","title":{"rendered":"Set de Cocina Stamina Ginger 1830"},"content":{"rendered":"<p>Set de cocina compuesto por 3 piezas para elaborar galletas en casa. Incluye rodillo, varilla y esp\u00e1tula con dise\u00f1o navide\u00f1o. Incluye guante multiusos donde se introducen los elementos del set para su guardado.<\/p>","protected":false},"excerpt":{"rendered":"<p>Set de cocina compuesto por 3 piezas para elaborar galletas en casa. Incluye rodillo, varilla y esp\u00e1tula con dise\u00f1o navide\u00f1o. Incluye guante multiusos donde se introducen los elementos del set para su guardado.<\/p>","protected":false},"featured_media":209917,"comment_status":"open","ping_status":"closed","template":"","meta":{"_acf_changed":false},"product_brand":[14012],"product_cat":[14006,13971],"product_tag":[],"class_list":{"0":"post-209916","1":"product","2":"type-product","3":"status-publish","4":"has-post-thumbnail","6":"product_brand-stamina","7":"product_cat-acc-merchandising","8":"product_cat-mr-tazas","9":"tm-no-options","11":"first","12":"instock","13":"taxable","14":"shipping-taxable","15":"product-type-variable"},"acf":[],"_links":{"self":[{"href":"https:\/\/grupotextil.es\/en\/wp-json\/wp\/v2\/product\/209916","targetHints":{"allow":["GET"]}}],"collection":[{"href":"https:\/\/grupotextil.es\/en\/wp-json\/wp\/v2\/product"}],"about":[{"href":"https:\/\/grupotextil.es\/en\/wp-json\/wp\/v2\/types\/product"}],"replies":[{"embeddable":true,"href":"https:\/\/grupotextil.es\/en\/wp-json\/wp\/v2\/comments?post=209916"}],"wp:featuredmedia":[{"embeddable":true,"href":"https:\/\/grupotextil.es\/en\/wp-json\/wp\/v2\/media\/209917"}],"wp:attachment":[{"href":"https:\/\/grupotextil.es\/en\/wp-json\/wp\/v2\/media?parent=209916"}],"wp:term":[{"taxonomy":"product_brand","embeddable":true,"href":"https:\/\/grupotextil.es\/en\/wp-json\/wp\/v2\/product_brand?post=209916"},{"taxonomy":"product_cat","embeddable":true,"href":"https:\/\/grupotextil.es\/en\/wp-json\/wp\/v2\/product_cat?post=209916"},{"taxonomy":"product_tag","embeddable":true,"href":"https:\/\/grupotextil.es\/en\/wp-json\/wp\/v2\/product_tag?post=209916"}],"curies":[{"name":"wp","href":"https:\/\/api.w.org\/{rel}","templated":true}]}}