{"id":209929,"date":"2026-03-04T01:52:50","date_gmt":"2026-03-04T00:52:50","guid":{"rendered":"https:\/\/grupotextil.es\/producto\/maleta-stamina-vigo-1839\/"},"modified":"2026-03-04T06:14:43","modified_gmt":"2026-03-04T05:14:43","slug":"maleta-stamina-vigo-1839","status":"publish","type":"product","link":"https:\/\/grupotextil.es\/en\/product\/maleta-stamina-vigo-1839\/","title":{"rendered":"Maleta Stamina Vigo 1839"},"content":{"rendered":"<p>Trolley r\u00edgido elaborado en ABS con dos compartimentos princpales, uno de ellos con cierre de cremallera para mayor sujeci\u00f3n de tus enseres. Sus ruedas son giratorias de 360 grados y son extra\u00edbles mediante bot\u00f3n. Incopora funda en su interior para guardar las ruedas.&nbsp;Tama\u00f1o especial para llevar bajo el asiento en viajes.<\/p>","protected":false},"excerpt":{"rendered":"<p>Trolley r\u00edgido elaborado en ABS con dos compartimentos princpales, uno de ellos con cierre de cremallera para mayor sujeci\u00f3n de tus enseres. Sus ruedas son giratorias de 360 grados y son extra\u00edbles mediante bot\u00f3n. Incopora funda en su interior para guardar las ruedas.&nbsp;Tama\u00f1o especial para llevar bajo el asiento en viajes.<\/p>","protected":false},"featured_media":209930,"comment_status":"open","ping_status":"closed","template":"","meta":{"_acf_changed":false},"product_brand":[14012],"product_cat":[13954],"product_tag":[],"class_list":{"0":"post-209929","1":"product","2":"type-product","3":"status-publish","4":"has-post-thumbnail","6":"product_brand-stamina","7":"product_cat-acc-bolsas-y-mochilas","8":"tm-no-options","10":"first","11":"instock","12":"taxable","13":"shipping-taxable","14":"product-type-variable"},"acf":[],"_links":{"self":[{"href":"https:\/\/grupotextil.es\/en\/wp-json\/wp\/v2\/product\/209929","targetHints":{"allow":["GET"]}}],"collection":[{"href":"https:\/\/grupotextil.es\/en\/wp-json\/wp\/v2\/product"}],"about":[{"href":"https:\/\/grupotextil.es\/en\/wp-json\/wp\/v2\/types\/product"}],"replies":[{"embeddable":true,"href":"https:\/\/grupotextil.es\/en\/wp-json\/wp\/v2\/comments?post=209929"}],"wp:featuredmedia":[{"embeddable":true,"href":"https:\/\/grupotextil.es\/en\/wp-json\/wp\/v2\/media\/209930"}],"wp:attachment":[{"href":"https:\/\/grupotextil.es\/en\/wp-json\/wp\/v2\/media?parent=209929"}],"wp:term":[{"taxonomy":"product_brand","embeddable":true,"href":"https:\/\/grupotextil.es\/en\/wp-json\/wp\/v2\/product_brand?post=209929"},{"taxonomy":"product_cat","embeddable":true,"href":"https:\/\/grupotextil.es\/en\/wp-json\/wp\/v2\/product_cat?post=209929"},{"taxonomy":"product_tag","embeddable":true,"href":"https:\/\/grupotextil.es\/en\/wp-json\/wp\/v2\/product_tag?post=209929"}],"curies":[{"name":"wp","href":"https:\/\/api.w.org\/{rel}","templated":true}]}}