{"id":210089,"date":"2026-03-04T01:59:09","date_gmt":"2026-03-04T00:59:09","guid":{"rendered":"https:\/\/grupotextil.es\/producto\/mochila-stamina-bufalo-1870\/"},"modified":"2026-03-04T06:14:44","modified_gmt":"2026-03-04T05:14:44","slug":"mochila-stamina-bufalo-1870","status":"publish","type":"product","link":"https:\/\/grupotextil.es\/en\/product\/mochila-stamina-bufalo-1870\/","title":{"rendered":"Mochila Stamina Bufalo 1870"},"content":{"rendered":"<p>Mochila elaborada en resistente poli\u00e9ster RPET 900D de espalda acolchada. En su compartimento principal incorpora en su interior un bolsillo acolchado para port\u00e1til de hasta 15\u2033 y otro para transporte de peque\u00f1os y medianos enseres. Con bolsillo frontal y dos bolsillos laterales con dise\u00f1o microperforado con mosquet\u00f3n asegurando su ajuste y seguridad.<\/p>","protected":false},"excerpt":{"rendered":"<p>Mochila elaborada en resistente poli\u00e9ster RPET 900D de espalda acolchada. En su compartimento principal incorpora en su interior un bolsillo acolchado para port\u00e1til de hasta 15\u2033 y otro para transporte de peque\u00f1os y medianos enseres. Con bolsillo frontal y dos bolsillos laterales con dise\u00f1o microperforado con mosquet\u00f3n asegurando su ajuste y seguridad.<\/p>","protected":false},"featured_media":210090,"comment_status":"open","ping_status":"closed","template":"","meta":{"_acf_changed":false},"product_brand":[14012],"product_cat":[13954],"product_tag":[],"class_list":{"0":"post-210089","1":"product","2":"type-product","3":"status-publish","4":"has-post-thumbnail","6":"product_brand-stamina","7":"product_cat-acc-bolsas-y-mochilas","8":"tm-no-options","10":"first","11":"instock","12":"taxable","13":"shipping-taxable","14":"product-type-variable"},"acf":[],"_links":{"self":[{"href":"https:\/\/grupotextil.es\/en\/wp-json\/wp\/v2\/product\/210089","targetHints":{"allow":["GET"]}}],"collection":[{"href":"https:\/\/grupotextil.es\/en\/wp-json\/wp\/v2\/product"}],"about":[{"href":"https:\/\/grupotextil.es\/en\/wp-json\/wp\/v2\/types\/product"}],"replies":[{"embeddable":true,"href":"https:\/\/grupotextil.es\/en\/wp-json\/wp\/v2\/comments?post=210089"}],"wp:featuredmedia":[{"embeddable":true,"href":"https:\/\/grupotextil.es\/en\/wp-json\/wp\/v2\/media\/210090"}],"wp:attachment":[{"href":"https:\/\/grupotextil.es\/en\/wp-json\/wp\/v2\/media?parent=210089"}],"wp:term":[{"taxonomy":"product_brand","embeddable":true,"href":"https:\/\/grupotextil.es\/en\/wp-json\/wp\/v2\/product_brand?post=210089"},{"taxonomy":"product_cat","embeddable":true,"href":"https:\/\/grupotextil.es\/en\/wp-json\/wp\/v2\/product_cat?post=210089"},{"taxonomy":"product_tag","embeddable":true,"href":"https:\/\/grupotextil.es\/en\/wp-json\/wp\/v2\/product_tag?post=210089"}],"curies":[{"name":"wp","href":"https:\/\/api.w.org\/{rel}","templated":true}]}}