{"id":210098,"date":"2026-03-04T01:59:29","date_gmt":"2026-03-04T00:59:29","guid":{"rendered":"https:\/\/grupotextil.es\/producto\/llavero-arbol-navidad-stamina-lacey-1897\/"},"modified":"2026-03-04T06:14:44","modified_gmt":"2026-03-04T05:14:44","slug":"llavero-arbol-navidad-stamina-lacey-1897","status":"publish","type":"product","link":"https:\/\/grupotextil.es\/en\/product\/llavero-arbol-navidad-stamina-lacey-1897\/","title":{"rendered":"Llavero \u00c1rbol Navidad Stamina Lacey 1897"},"content":{"rendered":"<p>Llavero de bamb\u00fa con forma de \u00e1rbol de Navidad para dar un toque festivo y divertido a tus llaves.<\/p>","protected":false},"excerpt":{"rendered":"<p>Llavero de bamb\u00fa con forma de \u00e1rbol de Navidad para dar un toque festivo y divertido a tus llaves.<\/p>","protected":false},"featured_media":210099,"comment_status":"open","ping_status":"closed","template":"","meta":{"_acf_changed":false},"product_brand":[14012],"product_cat":[13960,14006],"product_tag":[],"class_list":{"0":"post-210098","1":"product","2":"type-product","3":"status-publish","4":"has-post-thumbnail","6":"product_brand-stamina","7":"product_cat-mr-llaveros","8":"product_cat-acc-merchandising","9":"tm-no-options","11":"first","12":"instock","13":"taxable","14":"shipping-taxable","15":"product-type-variable"},"acf":[],"_links":{"self":[{"href":"https:\/\/grupotextil.es\/en\/wp-json\/wp\/v2\/product\/210098","targetHints":{"allow":["GET"]}}],"collection":[{"href":"https:\/\/grupotextil.es\/en\/wp-json\/wp\/v2\/product"}],"about":[{"href":"https:\/\/grupotextil.es\/en\/wp-json\/wp\/v2\/types\/product"}],"replies":[{"embeddable":true,"href":"https:\/\/grupotextil.es\/en\/wp-json\/wp\/v2\/comments?post=210098"}],"wp:featuredmedia":[{"embeddable":true,"href":"https:\/\/grupotextil.es\/en\/wp-json\/wp\/v2\/media\/210099"}],"wp:attachment":[{"href":"https:\/\/grupotextil.es\/en\/wp-json\/wp\/v2\/media?parent=210098"}],"wp:term":[{"taxonomy":"product_brand","embeddable":true,"href":"https:\/\/grupotextil.es\/en\/wp-json\/wp\/v2\/product_brand?post=210098"},{"taxonomy":"product_cat","embeddable":true,"href":"https:\/\/grupotextil.es\/en\/wp-json\/wp\/v2\/product_cat?post=210098"},{"taxonomy":"product_tag","embeddable":true,"href":"https:\/\/grupotextil.es\/en\/wp-json\/wp\/v2\/product_tag?post=210098"}],"curies":[{"name":"wp","href":"https:\/\/api.w.org\/{rel}","templated":true}]}}