{"id":210121,"date":"2026-03-04T02:00:37","date_gmt":"2026-03-04T01:00:37","guid":{"rendered":"https:\/\/grupotextil.es\/producto\/parche-termico-de-gel-stamina-gelox-1851\/"},"modified":"2026-03-04T06:14:45","modified_gmt":"2026-03-04T05:14:45","slug":"parche-termico-de-gel-stamina-gelox-1851","status":"publish","type":"product","link":"https:\/\/grupotextil.es\/en\/product\/parche-termico-de-gel-stamina-gelox-1851\/","title":{"rendered":"Parche T\u00e9rmico de Gel Stamina Gelox 1851"},"content":{"rendered":"<p>Parche t\u00e9rmico 2 en 1 de bolas de gel dise\u00f1ado para la aplicaci\u00f3n de fr\u00edo y calor. Para el tratamiento de fr\u00edo, refrigerarlo dos horas antes. Para la aplicaci\u00f3n de calor se puede calentar con agua caliente. Las bolas de gel de su interior le otorgan una textura agradable que adem\u00e1s se adapta f\u00e1cilmente al contorno corporal. Ideal para alivio muscular localizado.<\/p>","protected":false},"excerpt":{"rendered":"<p>Parche t\u00e9rmico 2 en 1 de bolas de gel dise\u00f1ado para la aplicaci\u00f3n de fr\u00edo y calor. Para el tratamiento de fr\u00edo, refrigerarlo dos horas antes. Para la aplicaci\u00f3n de calor se puede calentar con agua caliente. Las bolas de gel de su interior le otorgan una textura agradable que adem\u00e1s se adapta f\u00e1cilmente al contorno corporal. Ideal para alivio muscular localizado.<\/p>","protected":false},"featured_media":210122,"comment_status":"open","ping_status":"closed","template":"","meta":{"_acf_changed":false},"product_brand":[14012],"product_cat":[13973],"product_tag":[],"class_list":{"0":"post-210121","1":"product","2":"type-product","3":"status-publish","4":"has-post-thumbnail","6":"product_brand-stamina","7":"product_cat-ropa","8":"tm-no-options","10":"first","11":"instock","12":"taxable","13":"shipping-taxable","14":"product-type-variable"},"acf":[],"_links":{"self":[{"href":"https:\/\/grupotextil.es\/en\/wp-json\/wp\/v2\/product\/210121","targetHints":{"allow":["GET"]}}],"collection":[{"href":"https:\/\/grupotextil.es\/en\/wp-json\/wp\/v2\/product"}],"about":[{"href":"https:\/\/grupotextil.es\/en\/wp-json\/wp\/v2\/types\/product"}],"replies":[{"embeddable":true,"href":"https:\/\/grupotextil.es\/en\/wp-json\/wp\/v2\/comments?post=210121"}],"wp:featuredmedia":[{"embeddable":true,"href":"https:\/\/grupotextil.es\/en\/wp-json\/wp\/v2\/media\/210122"}],"wp:attachment":[{"href":"https:\/\/grupotextil.es\/en\/wp-json\/wp\/v2\/media?parent=210121"}],"wp:term":[{"taxonomy":"product_brand","embeddable":true,"href":"https:\/\/grupotextil.es\/en\/wp-json\/wp\/v2\/product_brand?post=210121"},{"taxonomy":"product_cat","embeddable":true,"href":"https:\/\/grupotextil.es\/en\/wp-json\/wp\/v2\/product_cat?post=210121"},{"taxonomy":"product_tag","embeddable":true,"href":"https:\/\/grupotextil.es\/en\/wp-json\/wp\/v2\/product_tag?post=210121"}],"curies":[{"name":"wp","href":"https:\/\/api.w.org\/{rel}","templated":true}]}}