{"id":210131,"date":"2026-03-04T02:00:53","date_gmt":"2026-03-04T01:00:53","guid":{"rendered":"https:\/\/grupotextil.es\/producto\/chaleco-stanley-stella-stanley-climber-2-0-stjm189\/"},"modified":"2026-03-04T06:14:45","modified_gmt":"2026-03-04T05:14:45","slug":"chaleco-stanley-stella-stanley-climber-2-0-stjm189","status":"publish","type":"product","link":"https:\/\/grupotextil.es\/en\/product\/chaleco-stanley-stella-stanley-climber-2-0-stjm189\/","title":{"rendered":"Chaleco Stanley\/Stella Stanley Climber 2.0 STJM189"},"content":{"rendered":"<p>Dise\u00f1o sin mangas Cuello alto Cremallera de nailon invertida en la parte delantera central Bolsillos de ojal con cremallera y tirador extra de grogr\u00e9n Cinta el\u00e1stica termosellada en las sisas Acolchado integral Paneles laterales que realzan la forma Costuras interiores con acabado termosellado Bajo con muletillas de pl\u00e1stico ajustables y cord\u00f3n de ajuste el\u00e1stico<\/p>","protected":false},"excerpt":{"rendered":"<p>Dise\u00f1o sin mangas Cuello alto Cremallera de nailon invertida en la parte delantera central Bolsillos de ojal con cremallera y tirador extra de grogr\u00e9n Cinta el\u00e1stica termosellada en las sisas Acolchado integral Paneles laterales que realzan la forma Costuras interiores con acabado termosellado Bajo con muletillas de pl\u00e1stico ajustables y cord\u00f3n de ajuste el\u00e1stico<\/p>","protected":false},"featured_media":210132,"comment_status":"open","ping_status":"closed","template":"","meta":{"_acf_changed":false},"product_brand":[14178],"product_cat":[13991,13982,13974,13975,13973],"product_tag":[],"class_list":{"0":"post-210131","1":"product","2":"type-product","3":"status-publish","4":"has-post-thumbnail","6":"product_brand-stanley-stella","7":"product_cat-m-chalecos","8":"product_cat-h-chalecos","9":"product_cat-ropa-hombre","10":"product_cat-ropa-mujer","11":"product_cat-ropa","12":"tm-no-options","14":"first","15":"instock","16":"taxable","17":"shipping-taxable","18":"product-type-variable"},"acf":[],"_links":{"self":[{"href":"https:\/\/grupotextil.es\/en\/wp-json\/wp\/v2\/product\/210131","targetHints":{"allow":["GET"]}}],"collection":[{"href":"https:\/\/grupotextil.es\/en\/wp-json\/wp\/v2\/product"}],"about":[{"href":"https:\/\/grupotextil.es\/en\/wp-json\/wp\/v2\/types\/product"}],"replies":[{"embeddable":true,"href":"https:\/\/grupotextil.es\/en\/wp-json\/wp\/v2\/comments?post=210131"}],"wp:featuredmedia":[{"embeddable":true,"href":"https:\/\/grupotextil.es\/en\/wp-json\/wp\/v2\/media\/210132"}],"wp:attachment":[{"href":"https:\/\/grupotextil.es\/en\/wp-json\/wp\/v2\/media?parent=210131"}],"wp:term":[{"taxonomy":"product_brand","embeddable":true,"href":"https:\/\/grupotextil.es\/en\/wp-json\/wp\/v2\/product_brand?post=210131"},{"taxonomy":"product_cat","embeddable":true,"href":"https:\/\/grupotextil.es\/en\/wp-json\/wp\/v2\/product_cat?post=210131"},{"taxonomy":"product_tag","embeddable":true,"href":"https:\/\/grupotextil.es\/en\/wp-json\/wp\/v2\/product_tag?post=210131"}],"curies":[{"name":"wp","href":"https:\/\/api.w.org\/{rel}","templated":true}]}}