{"id":210227,"date":"2026-03-04T02:02:40","date_gmt":"2026-03-04T01:02:40","guid":{"rendered":"https:\/\/grupotextil.es\/producto\/taza-termica-stamina-kalam-1846\/"},"modified":"2026-03-04T06:14:45","modified_gmt":"2026-03-04T05:14:45","slug":"taza-termica-stamina-kalam-1846","status":"publish","type":"product","link":"https:\/\/grupotextil.es\/en\/product\/taza-termica-stamina-kalam-1846\/","title":{"rendered":"Taza T\u00e9rmica Stamina Kalam 1846"},"content":{"rendered":"<p>Taza t\u00e9rmica elaborada en acero inoxidable 304 reciclado de doble pared. Con capacidad para 900 ml. Cuenta con apertura mediante bot\u00f3n y pajita extensible adicional. Con un asa amplia a conjunto, que hace m\u00e1s c\u00f3modo su uso.<\/p>","protected":false},"excerpt":{"rendered":"<p>Taza t\u00e9rmica elaborada en acero inoxidable 304 reciclado de doble pared. Con capacidad para 900 ml. Cuenta con apertura mediante bot\u00f3n y pajita extensible adicional. Con un asa amplia a conjunto, que hace m\u00e1s c\u00f3modo su uso.<\/p>","protected":false},"featured_media":210228,"comment_status":"open","ping_status":"closed","template":"","meta":{"_acf_changed":false},"product_brand":[14012],"product_cat":[14006,13971],"product_tag":[],"class_list":{"0":"post-210227","1":"product","2":"type-product","3":"status-publish","4":"has-post-thumbnail","6":"product_brand-stamina","7":"product_cat-acc-merchandising","8":"product_cat-mr-tazas","9":"tm-no-options","11":"first","12":"instock","13":"taxable","14":"shipping-taxable","15":"product-type-variable"},"acf":[],"_links":{"self":[{"href":"https:\/\/grupotextil.es\/en\/wp-json\/wp\/v2\/product\/210227","targetHints":{"allow":["GET"]}}],"collection":[{"href":"https:\/\/grupotextil.es\/en\/wp-json\/wp\/v2\/product"}],"about":[{"href":"https:\/\/grupotextil.es\/en\/wp-json\/wp\/v2\/types\/product"}],"replies":[{"embeddable":true,"href":"https:\/\/grupotextil.es\/en\/wp-json\/wp\/v2\/comments?post=210227"}],"wp:featuredmedia":[{"embeddable":true,"href":"https:\/\/grupotextil.es\/en\/wp-json\/wp\/v2\/media\/210228"}],"wp:attachment":[{"href":"https:\/\/grupotextil.es\/en\/wp-json\/wp\/v2\/media?parent=210227"}],"wp:term":[{"taxonomy":"product_brand","embeddable":true,"href":"https:\/\/grupotextil.es\/en\/wp-json\/wp\/v2\/product_brand?post=210227"},{"taxonomy":"product_cat","embeddable":true,"href":"https:\/\/grupotextil.es\/en\/wp-json\/wp\/v2\/product_cat?post=210227"},{"taxonomy":"product_tag","embeddable":true,"href":"https:\/\/grupotextil.es\/en\/wp-json\/wp\/v2\/product_tag?post=210227"}],"curies":[{"name":"wp","href":"https:\/\/api.w.org\/{rel}","templated":true}]}}