{"id":210261,"date":"2026-03-04T02:04:55","date_gmt":"2026-03-04T01:04:55","guid":{"rendered":"https:\/\/grupotextil.es\/producto\/bidon-stamina-luwak-1872\/"},"modified":"2026-03-04T06:14:46","modified_gmt":"2026-03-04T05:14:46","slug":"bidon-stamina-luwak-1872","status":"publish","type":"product","link":"https:\/\/grupotextil.es\/en\/product\/bidon-stamina-luwak-1872\/","title":{"rendered":"Bidon Stamina Luwak 1872"},"content":{"rendered":"<p>Bid\u00f3n elaborado en acero inoxidable 304 reciclado con doble pared. Tap\u00f3n antigoteo. Capacidad para 500 ml. Cuenta con mosquet\u00f3n para transporte.<\/p>","protected":false},"excerpt":{"rendered":"<p>Bid\u00f3n elaborado en acero inoxidable 304 reciclado con doble pared. Tap\u00f3n antigoteo. Capacidad para 500 ml. Cuenta con mosquet\u00f3n para transporte.<\/p>","protected":false},"featured_media":210262,"comment_status":"open","ping_status":"closed","template":"","meta":{"_acf_changed":false},"product_brand":[14012],"product_cat":[13958,14006,13971],"product_tag":[],"class_list":{"0":"post-210261","1":"product","2":"type-product","3":"status-publish","4":"has-post-thumbnail","6":"product_brand-stamina","7":"product_cat-mr-botellas-y-termos","8":"product_cat-acc-merchandising","9":"product_cat-mr-tazas","10":"tm-no-options","12":"first","13":"instock","14":"taxable","15":"shipping-taxable","16":"product-type-variable"},"acf":[],"_links":{"self":[{"href":"https:\/\/grupotextil.es\/en\/wp-json\/wp\/v2\/product\/210261","targetHints":{"allow":["GET"]}}],"collection":[{"href":"https:\/\/grupotextil.es\/en\/wp-json\/wp\/v2\/product"}],"about":[{"href":"https:\/\/grupotextil.es\/en\/wp-json\/wp\/v2\/types\/product"}],"replies":[{"embeddable":true,"href":"https:\/\/grupotextil.es\/en\/wp-json\/wp\/v2\/comments?post=210261"}],"wp:featuredmedia":[{"embeddable":true,"href":"https:\/\/grupotextil.es\/en\/wp-json\/wp\/v2\/media\/210262"}],"wp:attachment":[{"href":"https:\/\/grupotextil.es\/en\/wp-json\/wp\/v2\/media?parent=210261"}],"wp:term":[{"taxonomy":"product_brand","embeddable":true,"href":"https:\/\/grupotextil.es\/en\/wp-json\/wp\/v2\/product_brand?post=210261"},{"taxonomy":"product_cat","embeddable":true,"href":"https:\/\/grupotextil.es\/en\/wp-json\/wp\/v2\/product_cat?post=210261"},{"taxonomy":"product_tag","embeddable":true,"href":"https:\/\/grupotextil.es\/en\/wp-json\/wp\/v2\/product_tag?post=210261"}],"curies":[{"name":"wp","href":"https:\/\/api.w.org\/{rel}","templated":true}]}}