{"id":210281,"date":"2026-03-04T02:05:43","date_gmt":"2026-03-04T01:05:43","guid":{"rendered":"https:\/\/grupotextil.es\/producto\/neceser-stamina-dulac-1856\/"},"modified":"2026-03-04T06:14:46","modified_gmt":"2026-03-04T05:14:46","slug":"neceser-stamina-dulac-1856","status":"publish","type":"product","link":"https:\/\/grupotextil.es\/en\/product\/neceser-stamina-dulac-1856\/","title":{"rendered":"Neceser Stamina Dulac 1856"},"content":{"rendered":"<p>Neceser elaborado en poliuretano de apertura completa con cremallera. Cuenta con dos compartimentos interiores de malla: uno con cierre de cremallera y otro subdividido en bolsillos m\u00e1s peque\u00f1os. Incluye un bolsillo frontal con cierre de cremallera. Los tiradores de las cremalleras y la cinta de transporte est\u00e1n realizados a a color a conjunto del cuerpo.<\/p>","protected":false},"excerpt":{"rendered":"<p>Neceser elaborado en poliuretano de apertura completa con cremallera. Cuenta con dos compartimentos interiores de malla: uno con cierre de cremallera y otro subdividido en bolsillos m\u00e1s peque\u00f1os. Incluye un bolsillo frontal con cierre de cremallera. Los tiradores de las cremalleras y la cinta de transporte est\u00e1n realizados a a color a conjunto del cuerpo.<\/p>","protected":false},"featured_media":210282,"comment_status":"open","ping_status":"closed","template":"","meta":{"_acf_changed":false},"product_brand":[14012],"product_cat":[13948],"product_tag":[],"class_list":{"0":"post-210281","1":"product","2":"type-product","3":"status-publish","4":"has-post-thumbnail","6":"product_brand-stamina","7":"product_cat-accesorios","8":"tm-no-options","10":"first","11":"instock","12":"taxable","13":"shipping-taxable","14":"product-type-variable"},"acf":[],"_links":{"self":[{"href":"https:\/\/grupotextil.es\/en\/wp-json\/wp\/v2\/product\/210281","targetHints":{"allow":["GET"]}}],"collection":[{"href":"https:\/\/grupotextil.es\/en\/wp-json\/wp\/v2\/product"}],"about":[{"href":"https:\/\/grupotextil.es\/en\/wp-json\/wp\/v2\/types\/product"}],"replies":[{"embeddable":true,"href":"https:\/\/grupotextil.es\/en\/wp-json\/wp\/v2\/comments?post=210281"}],"wp:featuredmedia":[{"embeddable":true,"href":"https:\/\/grupotextil.es\/en\/wp-json\/wp\/v2\/media\/210282"}],"wp:attachment":[{"href":"https:\/\/grupotextil.es\/en\/wp-json\/wp\/v2\/media?parent=210281"}],"wp:term":[{"taxonomy":"product_brand","embeddable":true,"href":"https:\/\/grupotextil.es\/en\/wp-json\/wp\/v2\/product_brand?post=210281"},{"taxonomy":"product_cat","embeddable":true,"href":"https:\/\/grupotextil.es\/en\/wp-json\/wp\/v2\/product_cat?post=210281"},{"taxonomy":"product_tag","embeddable":true,"href":"https:\/\/grupotextil.es\/en\/wp-json\/wp\/v2\/product_tag?post=210281"}],"curies":[{"name":"wp","href":"https:\/\/api.w.org\/{rel}","templated":true}]}}