{"id":210308,"date":"2026-03-04T02:06:47","date_gmt":"2026-03-04T01:06:47","guid":{"rendered":"https:\/\/grupotextil.es\/producto\/boligrafo-pulsador-stamina-vilon-1898\/"},"modified":"2026-03-04T06:14:46","modified_gmt":"2026-03-04T05:14:46","slug":"boligrafo-pulsador-stamina-vilon-1898","status":"publish","type":"product","link":"https:\/\/grupotextil.es\/en\/product\/boligrafo-pulsador-stamina-vilon-1898\/","title":{"rendered":"Bol\u00edgrafo Pulsador Stamina Vilon 1898"},"content":{"rendered":"<p>Bol\u00edgrafo con cuerpo y pulsador elaborados en bamb\u00fa. Detalles en color con efecto cromado y puntero t\u00e1ctil a juego. Cuenta con carga jumbo de tinta azul, ofreciendo una escritura fluida y un uso m\u00e1s prolongado.<\/p>","protected":false},"excerpt":{"rendered":"<p>Bol\u00edgrafo con cuerpo y pulsador elaborados en bamb\u00fa. Detalles en color con efecto cromado y puntero t\u00e1ctil a juego. Cuenta con carga jumbo de tinta azul, ofreciendo una escritura fluida y un uso m\u00e1s prolongado.<\/p>","protected":false},"featured_media":210309,"comment_status":"open","ping_status":"closed","template":"","meta":{"_acf_changed":false},"product_brand":[14012],"product_cat":[14006,13972],"product_tag":[],"class_list":{"0":"post-210308","1":"product","2":"type-product","3":"status-publish","4":"has-post-thumbnail","6":"product_brand-stamina","7":"product_cat-acc-merchandising","8":"product_cat-oficina-y-escritura","9":"tm-no-options","11":"first","12":"instock","13":"taxable","14":"shipping-taxable","15":"product-type-variable"},"acf":[],"_links":{"self":[{"href":"https:\/\/grupotextil.es\/en\/wp-json\/wp\/v2\/product\/210308","targetHints":{"allow":["GET"]}}],"collection":[{"href":"https:\/\/grupotextil.es\/en\/wp-json\/wp\/v2\/product"}],"about":[{"href":"https:\/\/grupotextil.es\/en\/wp-json\/wp\/v2\/types\/product"}],"replies":[{"embeddable":true,"href":"https:\/\/grupotextil.es\/en\/wp-json\/wp\/v2\/comments?post=210308"}],"wp:featuredmedia":[{"embeddable":true,"href":"https:\/\/grupotextil.es\/en\/wp-json\/wp\/v2\/media\/210309"}],"wp:attachment":[{"href":"https:\/\/grupotextil.es\/en\/wp-json\/wp\/v2\/media?parent=210308"}],"wp:term":[{"taxonomy":"product_brand","embeddable":true,"href":"https:\/\/grupotextil.es\/en\/wp-json\/wp\/v2\/product_brand?post=210308"},{"taxonomy":"product_cat","embeddable":true,"href":"https:\/\/grupotextil.es\/en\/wp-json\/wp\/v2\/product_cat?post=210308"},{"taxonomy":"product_tag","embeddable":true,"href":"https:\/\/grupotextil.es\/en\/wp-json\/wp\/v2\/product_tag?post=210308"}],"curies":[{"name":"wp","href":"https:\/\/api.w.org\/{rel}","templated":true}]}}