{"id":210348,"date":"2026-03-04T02:08:21","date_gmt":"2026-03-04T01:08:21","guid":{"rendered":"https:\/\/grupotextil.es\/producto\/dispositivo-localizador-stamina-findy-1843\/"},"modified":"2026-03-04T06:14:47","modified_gmt":"2026-03-04T05:14:47","slug":"dispositivo-localizador-stamina-findy-1843","status":"publish","type":"product","link":"https:\/\/grupotextil.es\/en\/product\/dispositivo-localizador-stamina-findy-1843\/","title":{"rendered":"Dispositivo Localizador Stamina Findy 1843"},"content":{"rendered":"<p>Dispositivo localizador anti-p\u00e9rdida. Compatible con dispositivos iOS y Android mediante aplicaci\u00f3n m\u00f3vil a trav\u00e9s de conexi\u00f3n Bluetooth. Funciona mediante pila e incorpora orificio para facilitar su transporte y uso. Entre sus funciones cuenta con funci\u00f3n disparador remoto, grabaci\u00f3n de voz y alarma con sonido.<\/p>","protected":false},"excerpt":{"rendered":"<p>Dispositivo localizador anti-p\u00e9rdida. Compatible con dispositivos iOS y Android mediante aplicaci\u00f3n m\u00f3vil a trav\u00e9s de conexi\u00f3n Bluetooth. Funciona mediante pila e incorpora orificio para facilitar su transporte y uso. Entre sus funciones cuenta con funci\u00f3n disparador remoto, grabaci\u00f3n de voz y alarma con sonido.<\/p>","protected":false},"featured_media":210349,"comment_status":"open","ping_status":"closed","template":"","meta":{"_acf_changed":false},"product_brand":[14012],"product_cat":[13948,14006,13959],"product_tag":[],"class_list":{"0":"post-210348","1":"product","2":"type-product","3":"status-publish","4":"has-post-thumbnail","6":"product_brand-stamina","7":"product_cat-accesorios","8":"product_cat-acc-merchandising","9":"product_cat-mr-tecnologia","10":"tm-no-options","12":"first","13":"instock","14":"taxable","15":"shipping-taxable","16":"product-type-variable"},"acf":[],"_links":{"self":[{"href":"https:\/\/grupotextil.es\/en\/wp-json\/wp\/v2\/product\/210348","targetHints":{"allow":["GET"]}}],"collection":[{"href":"https:\/\/grupotextil.es\/en\/wp-json\/wp\/v2\/product"}],"about":[{"href":"https:\/\/grupotextil.es\/en\/wp-json\/wp\/v2\/types\/product"}],"replies":[{"embeddable":true,"href":"https:\/\/grupotextil.es\/en\/wp-json\/wp\/v2\/comments?post=210348"}],"wp:featuredmedia":[{"embeddable":true,"href":"https:\/\/grupotextil.es\/en\/wp-json\/wp\/v2\/media\/210349"}],"wp:attachment":[{"href":"https:\/\/grupotextil.es\/en\/wp-json\/wp\/v2\/media?parent=210348"}],"wp:term":[{"taxonomy":"product_brand","embeddable":true,"href":"https:\/\/grupotextil.es\/en\/wp-json\/wp\/v2\/product_brand?post=210348"},{"taxonomy":"product_cat","embeddable":true,"href":"https:\/\/grupotextil.es\/en\/wp-json\/wp\/v2\/product_cat?post=210348"},{"taxonomy":"product_tag","embeddable":true,"href":"https:\/\/grupotextil.es\/en\/wp-json\/wp\/v2\/product_tag?post=210348"}],"curies":[{"name":"wp","href":"https:\/\/api.w.org\/{rel}","templated":true}]}}