{"id":210354,"date":"2026-03-04T02:08:37","date_gmt":"2026-03-04T01:08:37","guid":{"rendered":"https:\/\/grupotextil.es\/producto\/neceser-stamina-madison-1857\/"},"modified":"2026-03-04T06:14:47","modified_gmt":"2026-03-04T05:14:47","slug":"neceser-stamina-madison-1857","status":"publish","type":"product","link":"https:\/\/grupotextil.es\/en\/product\/neceser-stamina-madison-1857\/","title":{"rendered":"Neceser Stamina Madison 1857"},"content":{"rendered":"<p>Neceser elaborado en suave poliuretano, de acabado en color liso. Cuenta con cierre de cremallera y tirador a conjunto. Incluye un mosquet\u00f3n para hacer m\u00e1s c\u00f3modo su transporte.<\/p>","protected":false},"excerpt":{"rendered":"<p>Neceser elaborado en suave poliuretano, de acabado en color liso. Cuenta con cierre de cremallera y tirador a conjunto. Incluye un mosquet\u00f3n para hacer m\u00e1s c\u00f3modo su transporte.<\/p>","protected":false},"featured_media":210355,"comment_status":"open","ping_status":"closed","template":"","meta":{"_acf_changed":false},"product_brand":[14012],"product_cat":[13962,14006,13972],"product_tag":[],"class_list":{"0":"post-210354","1":"product","2":"type-product","3":"status-publish","4":"has-post-thumbnail","6":"product_brand-stamina","7":"product_cat-mr-estuches","8":"product_cat-acc-merchandising","9":"product_cat-oficina-y-escritura","10":"tm-no-options","12":"first","13":"instock","14":"taxable","15":"shipping-taxable","16":"product-type-variable"},"acf":[],"_links":{"self":[{"href":"https:\/\/grupotextil.es\/en\/wp-json\/wp\/v2\/product\/210354","targetHints":{"allow":["GET"]}}],"collection":[{"href":"https:\/\/grupotextil.es\/en\/wp-json\/wp\/v2\/product"}],"about":[{"href":"https:\/\/grupotextil.es\/en\/wp-json\/wp\/v2\/types\/product"}],"replies":[{"embeddable":true,"href":"https:\/\/grupotextil.es\/en\/wp-json\/wp\/v2\/comments?post=210354"}],"wp:featuredmedia":[{"embeddable":true,"href":"https:\/\/grupotextil.es\/en\/wp-json\/wp\/v2\/media\/210355"}],"wp:attachment":[{"href":"https:\/\/grupotextil.es\/en\/wp-json\/wp\/v2\/media?parent=210354"}],"wp:term":[{"taxonomy":"product_brand","embeddable":true,"href":"https:\/\/grupotextil.es\/en\/wp-json\/wp\/v2\/product_brand?post=210354"},{"taxonomy":"product_cat","embeddable":true,"href":"https:\/\/grupotextil.es\/en\/wp-json\/wp\/v2\/product_cat?post=210354"},{"taxonomy":"product_tag","embeddable":true,"href":"https:\/\/grupotextil.es\/en\/wp-json\/wp\/v2\/product_tag?post=210354"}],"curies":[{"name":"wp","href":"https:\/\/api.w.org\/{rel}","templated":true}]}}