{"id":210408,"date":"2026-03-04T02:10:54","date_gmt":"2026-03-04T01:10:54","guid":{"rendered":"https:\/\/grupotextil.es\/producto\/altavoz-inalambrico-stamina-mornix-1845\/"},"modified":"2026-03-04T06:14:47","modified_gmt":"2026-03-04T05:14:47","slug":"altavoz-inalambrico-stamina-mornix-1845","status":"publish","type":"product","link":"https:\/\/grupotextil.es\/en\/product\/altavoz-inalambrico-stamina-mornix-1845\/","title":{"rendered":"Altavoz Inal\u00e1mbrico Stamina Mornix 1845"},"content":{"rendered":"<p>Altavoz inal\u00e1mbrico con cuerpo elaborado en bamb\u00fa y tejido reciclado RPET. Cuenta con diferentes funciones: despertador, l\u00e1mpara y reloj, mostr\u00e1ndose este en su frontal. Incluye diferentes modos de iluminaci\u00f3n alrededor de su per\u00edmetro. Base de carga inal\u00e1mbrica para smartphone de 10W. Distintos modos de reproducci\u00f3n: conexi\u00f3n Bluetooh, sonidos relajantes y modo radio FM. Adem\u00e1s, cuenta con entradas Tipo C, USB, entrada sonido auxiliar y entrada para tarjeta de memoria.<\/p>","protected":false},"excerpt":{"rendered":"<p>Altavoz inal\u00e1mbrico con cuerpo elaborado en bamb\u00fa y tejido reciclado RPET. Cuenta con diferentes funciones: despertador, l\u00e1mpara y reloj, mostr\u00e1ndose este en su frontal. Incluye diferentes modos de iluminaci\u00f3n alrededor de su per\u00edmetro. Base de carga inal\u00e1mbrica para smartphone de 10W. Distintos modos de reproducci\u00f3n: conexi\u00f3n Bluetooh, sonidos relajantes y modo radio FM. Adem\u00e1s, cuenta con entradas Tipo C, USB, entrada sonido auxiliar y entrada para tarjeta de memoria.<\/p>","protected":false},"featured_media":210409,"comment_status":"open","ping_status":"closed","template":"","meta":{"_acf_changed":false},"product_brand":[14012],"product_cat":[14006,13959],"product_tag":[],"class_list":{"0":"post-210408","1":"product","2":"type-product","3":"status-publish","4":"has-post-thumbnail","6":"product_brand-stamina","7":"product_cat-acc-merchandising","8":"product_cat-mr-tecnologia","9":"tm-no-options","11":"first","12":"instock","13":"taxable","14":"shipping-taxable","15":"product-type-variable"},"acf":[],"_links":{"self":[{"href":"https:\/\/grupotextil.es\/en\/wp-json\/wp\/v2\/product\/210408","targetHints":{"allow":["GET"]}}],"collection":[{"href":"https:\/\/grupotextil.es\/en\/wp-json\/wp\/v2\/product"}],"about":[{"href":"https:\/\/grupotextil.es\/en\/wp-json\/wp\/v2\/types\/product"}],"replies":[{"embeddable":true,"href":"https:\/\/grupotextil.es\/en\/wp-json\/wp\/v2\/comments?post=210408"}],"wp:featuredmedia":[{"embeddable":true,"href":"https:\/\/grupotextil.es\/en\/wp-json\/wp\/v2\/media\/210409"}],"wp:attachment":[{"href":"https:\/\/grupotextil.es\/en\/wp-json\/wp\/v2\/media?parent=210408"}],"wp:term":[{"taxonomy":"product_brand","embeddable":true,"href":"https:\/\/grupotextil.es\/en\/wp-json\/wp\/v2\/product_brand?post=210408"},{"taxonomy":"product_cat","embeddable":true,"href":"https:\/\/grupotextil.es\/en\/wp-json\/wp\/v2\/product_cat?post=210408"},{"taxonomy":"product_tag","embeddable":true,"href":"https:\/\/grupotextil.es\/en\/wp-json\/wp\/v2\/product_tag?post=210408"}],"curies":[{"name":"wp","href":"https:\/\/api.w.org\/{rel}","templated":true}]}}