{"id":210416,"date":"2026-03-04T02:11:24","date_gmt":"2026-03-04T01:11:24","guid":{"rendered":"https:\/\/grupotextil.es\/producto\/bidon-termico-stamina-cubel-1834\/"},"modified":"2026-03-04T06:14:47","modified_gmt":"2026-03-04T05:14:47","slug":"bidon-termico-stamina-cubel-1834","status":"publish","type":"product","link":"https:\/\/grupotextil.es\/en\/product\/bidon-termico-stamina-cubel-1834\/","title":{"rendered":"Bid\u00f3n T\u00e9rmico Stamina Cubel 1834"},"content":{"rendered":"<p>Bid\u00f3n t\u00e9rmico de doble pared elaborado en acero inoxidable 304 reciclado en acabado mate. Capacidad de 550 ml. Tap\u00f3n a juego. Incluye mosquet\u00f3n para transporte.<\/p>","protected":false},"excerpt":{"rendered":"<p>Bid\u00f3n t\u00e9rmico de doble pared elaborado en acero inoxidable 304 reciclado en acabado mate. Capacidad de 550 ml. Tap\u00f3n a juego. Incluye mosquet\u00f3n para transporte.<\/p>","protected":false},"featured_media":210417,"comment_status":"open","ping_status":"closed","template":"","meta":{"_acf_changed":false},"product_brand":[14012],"product_cat":[13958,14006,13971],"product_tag":[],"class_list":{"0":"post-210416","1":"product","2":"type-product","3":"status-publish","4":"has-post-thumbnail","6":"product_brand-stamina","7":"product_cat-mr-botellas-y-termos","8":"product_cat-acc-merchandising","9":"product_cat-mr-tazas","10":"tm-no-options","12":"first","13":"instock","14":"taxable","15":"shipping-taxable","16":"product-type-variable"},"acf":[],"_links":{"self":[{"href":"https:\/\/grupotextil.es\/en\/wp-json\/wp\/v2\/product\/210416","targetHints":{"allow":["GET"]}}],"collection":[{"href":"https:\/\/grupotextil.es\/en\/wp-json\/wp\/v2\/product"}],"about":[{"href":"https:\/\/grupotextil.es\/en\/wp-json\/wp\/v2\/types\/product"}],"replies":[{"embeddable":true,"href":"https:\/\/grupotextil.es\/en\/wp-json\/wp\/v2\/comments?post=210416"}],"wp:featuredmedia":[{"embeddable":true,"href":"https:\/\/grupotextil.es\/en\/wp-json\/wp\/v2\/media\/210417"}],"wp:attachment":[{"href":"https:\/\/grupotextil.es\/en\/wp-json\/wp\/v2\/media?parent=210416"}],"wp:term":[{"taxonomy":"product_brand","embeddable":true,"href":"https:\/\/grupotextil.es\/en\/wp-json\/wp\/v2\/product_brand?post=210416"},{"taxonomy":"product_cat","embeddable":true,"href":"https:\/\/grupotextil.es\/en\/wp-json\/wp\/v2\/product_cat?post=210416"},{"taxonomy":"product_tag","embeddable":true,"href":"https:\/\/grupotextil.es\/en\/wp-json\/wp\/v2\/product_tag?post=210416"}],"curies":[{"name":"wp","href":"https:\/\/api.w.org\/{rel}","templated":true}]}}