{"id":210579,"date":"2026-03-04T02:13:50","date_gmt":"2026-03-04T01:13:50","guid":{"rendered":"https:\/\/grupotextil.es\/producto\/camiseta-unisex-stanley-stella-crafter-vintage-sttu976\/"},"modified":"2026-03-10T01:58:24","modified_gmt":"2026-03-10T00:58:24","slug":"camiseta-unisex-stanley-stella-crafter-vintage-sttu976","status":"publish","type":"product","link":"https:\/\/grupotextil.es\/en\/product\/camiseta-unisex-stanley-stella-crafter-vintage-sttu976\/","title":{"rendered":"Camiseta Unisex Stanley\/Stella Crafter Vintage STTU976"},"content":{"rendered":"<p>Manga montada Cuello de punto de canal\u00e9 1\u00d71 Cinta en la parte trasera del cuello en el mismo tejido Pespunte de doble aguja en el pu\u00f1o de la manga y el dobladillo Ligeros sombreados en las costuras para un efecto lavado Producto te\u00f1ido en prenda, cada prenda puede variar en apariencia, el color puede deste\u00f1ir, siga nuestra etiqueta de cuidado Lea cuidadosamente las recomendaciones de impresi\u00f3n<\/p>","protected":false},"excerpt":{"rendered":"<p>Manga montada Cuello de punto de canal\u00e9 1\u00d71 Cinta en la parte trasera del cuello en el mismo tejido Pespunte de doble aguja en el pu\u00f1o de la manga y el dobladillo Ligeros sombreados en las costuras para un efecto lavado Producto te\u00f1ido en prenda, cada prenda puede variar en apariencia, el color puede deste\u00f1ir, siga nuestra etiqueta de cuidado Lea cuidadosamente las recomendaciones de impresi\u00f3n<\/p>","protected":false},"featured_media":210580,"comment_status":"open","ping_status":"closed","template":"","meta":{"_acf_changed":false},"product_brand":[14178],"product_cat":[13977,13974,13973,9841],"product_tag":[],"class_list":{"0":"post-210579","1":"product","2":"type-product","3":"status-publish","4":"has-post-thumbnail","6":"product_brand-stanley-stella","7":"product_cat-h-camisetas-manga-corta","8":"product_cat-ropa-hombre","9":"product_cat-ropa","10":"product_cat-sostenible","11":"tm-no-options","13":"first","14":"instock","15":"taxable","16":"shipping-taxable","17":"product-type-variable"},"acf":[],"_links":{"self":[{"href":"https:\/\/grupotextil.es\/en\/wp-json\/wp\/v2\/product\/210579","targetHints":{"allow":["GET"]}}],"collection":[{"href":"https:\/\/grupotextil.es\/en\/wp-json\/wp\/v2\/product"}],"about":[{"href":"https:\/\/grupotextil.es\/en\/wp-json\/wp\/v2\/types\/product"}],"replies":[{"embeddable":true,"href":"https:\/\/grupotextil.es\/en\/wp-json\/wp\/v2\/comments?post=210579"}],"wp:featuredmedia":[{"embeddable":true,"href":"https:\/\/grupotextil.es\/en\/wp-json\/wp\/v2\/media\/210580"}],"wp:attachment":[{"href":"https:\/\/grupotextil.es\/en\/wp-json\/wp\/v2\/media?parent=210579"}],"wp:term":[{"taxonomy":"product_brand","embeddable":true,"href":"https:\/\/grupotextil.es\/en\/wp-json\/wp\/v2\/product_brand?post=210579"},{"taxonomy":"product_cat","embeddable":true,"href":"https:\/\/grupotextil.es\/en\/wp-json\/wp\/v2\/product_cat?post=210579"},{"taxonomy":"product_tag","embeddable":true,"href":"https:\/\/grupotextil.es\/en\/wp-json\/wp\/v2\/product_tag?post=210579"}],"curies":[{"name":"wp","href":"https:\/\/api.w.org\/{rel}","templated":true}]}}