{"id":211072,"date":"2026-03-04T02:18:26","date_gmt":"2026-03-04T01:18:26","guid":{"rendered":"https:\/\/grupotextil.es\/producto\/sudadera-unisex-stanley-stella-sounder-stsu229\/"},"modified":"2026-03-10T01:58:22","modified_gmt":"2026-03-10T00:58:22","slug":"sudadera-unisex-stanley-stella-sounder-stsu229","status":"publish","type":"product","link":"https:\/\/grupotextil.es\/en\/product\/sudadera-unisex-stanley-stella-sounder-stsu229\/","title":{"rendered":"Sudadera Unisex Stanley\/Stella Sounder STSU229"},"content":{"rendered":"<p>Mangas montadas Capucha forrada con el mismo tejido Cordones planos a juego con el color del cuerpo Ojales de ojal bordados Pu\u00f1o de canal\u00e9 1\u00d71 en los pu\u00f1os de las mangas y el dobladillo inferior Costura lateral inclinada con bolsillos Costuras planas de 3 agujas en todas las costuras Cinta de espiguilla en la costura interna del cuello y en el interior de la cremallera Media luna de la misma tela en la parte trasera del cuello<\/p>","protected":false},"excerpt":{"rendered":"<p>Mangas montadas Capucha forrada con el mismo tejido Cordones planos a juego con el color del cuerpo Ojales de ojal bordados Pu\u00f1o de canal\u00e9 1\u00d71 en los pu\u00f1os de las mangas y el dobladillo inferior Costura lateral inclinada con bolsillos Costuras planas de 3 agujas en todas las costuras Cinta de espiguilla en la costura interna del cuello y en el interior de la cremallera Media luna de la misma tela en la parte trasera del cuello<\/p>","protected":false},"featured_media":211073,"comment_status":"open","ping_status":"closed","template":"","meta":{"_acf_changed":false},"product_brand":[14178],"product_cat":[13974,13973,14007,9841,13980],"product_tag":[],"class_list":{"0":"post-211072","1":"product","2":"type-product","3":"status-publish","4":"has-post-thumbnail","6":"product_brand-stanley-stella","7":"product_cat-ropa-hombre","8":"product_cat-ropa","9":"product_cat-ropa-organica","10":"product_cat-sostenible","11":"product_cat-h-sudaderas","12":"tm-no-options","14":"first","15":"instock","16":"taxable","17":"shipping-taxable","18":"product-type-variable"},"acf":[],"_links":{"self":[{"href":"https:\/\/grupotextil.es\/en\/wp-json\/wp\/v2\/product\/211072","targetHints":{"allow":["GET"]}}],"collection":[{"href":"https:\/\/grupotextil.es\/en\/wp-json\/wp\/v2\/product"}],"about":[{"href":"https:\/\/grupotextil.es\/en\/wp-json\/wp\/v2\/types\/product"}],"replies":[{"embeddable":true,"href":"https:\/\/grupotextil.es\/en\/wp-json\/wp\/v2\/comments?post=211072"}],"wp:featuredmedia":[{"embeddable":true,"href":"https:\/\/grupotextil.es\/en\/wp-json\/wp\/v2\/media\/211073"}],"wp:attachment":[{"href":"https:\/\/grupotextil.es\/en\/wp-json\/wp\/v2\/media?parent=211072"}],"wp:term":[{"taxonomy":"product_brand","embeddable":true,"href":"https:\/\/grupotextil.es\/en\/wp-json\/wp\/v2\/product_brand?post=211072"},{"taxonomy":"product_cat","embeddable":true,"href":"https:\/\/grupotextil.es\/en\/wp-json\/wp\/v2\/product_cat?post=211072"},{"taxonomy":"product_tag","embeddable":true,"href":"https:\/\/grupotextil.es\/en\/wp-json\/wp\/v2\/product_tag?post=211072"}],"curies":[{"name":"wp","href":"https:\/\/api.w.org\/{rel}","templated":true}]}}