{"id":211563,"date":"2026-03-04T02:22:52","date_gmt":"2026-03-04T01:22:52","guid":{"rendered":"https:\/\/grupotextil.es\/producto\/outlet-camisa-laboral-manga-larga-roly-aifos-m-l-5504-hombre\/"},"modified":"2026-03-04T06:14:50","modified_gmt":"2026-03-04T05:14:50","slug":"outlet-camisa-laboral-manga-larga-roly-aifos-m-l-5504-hombre","status":"publish","type":"product","link":"https:\/\/grupotextil.es\/en\/product\/outlet-camisa-laboral-manga-larga-roly-aifos-m-l-5504-hombre\/","title":{"rendered":"*OUTLET* Camisa Laboral Manga Larga Roly Aifos M\/L 5504 Hombre"},"content":{"rendered":"<p>Camisa de manga larga, cuello cl\u00e1sico almidonado de 1 bot\u00f3n y bolsillo frontal izquierdo. Tapeta con 7 botones a tono. Bajo con forma. Cuidado f\u00e1cil.<\/p>","protected":false},"excerpt":{"rendered":"<p>Camisa de manga larga, cuello cl\u00e1sico almidonado de 1 bot\u00f3n y bolsillo frontal izquierdo. Tapeta con 7 botones a tono. Bajo con forma. Cuidado f\u00e1cil.<\/p>","protected":false},"featured_media":211564,"comment_status":"open","ping_status":"closed","template":"","meta":{"_acf_changed":false},"product_brand":[14011],"product_cat":[13974,13975,13973],"product_tag":[],"class_list":{"0":"post-211563","1":"product","2":"type-product","3":"status-publish","4":"has-post-thumbnail","6":"product_brand-roly","7":"product_cat-ropa-hombre","8":"product_cat-ropa-mujer","9":"product_cat-ropa","10":"tm-no-options","12":"first","13":"instock","14":"taxable","15":"shipping-taxable","16":"product-type-variable"},"acf":[],"_links":{"self":[{"href":"https:\/\/grupotextil.es\/en\/wp-json\/wp\/v2\/product\/211563","targetHints":{"allow":["GET"]}}],"collection":[{"href":"https:\/\/grupotextil.es\/en\/wp-json\/wp\/v2\/product"}],"about":[{"href":"https:\/\/grupotextil.es\/en\/wp-json\/wp\/v2\/types\/product"}],"replies":[{"embeddable":true,"href":"https:\/\/grupotextil.es\/en\/wp-json\/wp\/v2\/comments?post=211563"}],"wp:featuredmedia":[{"embeddable":true,"href":"https:\/\/grupotextil.es\/en\/wp-json\/wp\/v2\/media\/211564"}],"wp:attachment":[{"href":"https:\/\/grupotextil.es\/en\/wp-json\/wp\/v2\/media?parent=211563"}],"wp:term":[{"taxonomy":"product_brand","embeddable":true,"href":"https:\/\/grupotextil.es\/en\/wp-json\/wp\/v2\/product_brand?post=211563"},{"taxonomy":"product_cat","embeddable":true,"href":"https:\/\/grupotextil.es\/en\/wp-json\/wp\/v2\/product_cat?post=211563"},{"taxonomy":"product_tag","embeddable":true,"href":"https:\/\/grupotextil.es\/en\/wp-json\/wp\/v2\/product_tag?post=211563"}],"curies":[{"name":"wp","href":"https:\/\/api.w.org\/{rel}","templated":true}]}}