{"id":211664,"date":"2026-03-04T02:23:57","date_gmt":"2026-03-04T01:23:57","guid":{"rendered":"https:\/\/grupotextil.es\/producto\/vaso-stamina-horan-1728\/"},"modified":"2026-03-04T06:14:51","modified_gmt":"2026-03-04T05:14:51","slug":"vaso-stamina-horan-1728","status":"publish","type":"product","link":"https:\/\/grupotextil.es\/en\/product\/vaso-stamina-horan-1728\/","title":{"rendered":"Vaso Stamina Horan 1728"},"content":{"rendered":"<p>Vaso de doble pared con interior elaborado en acero inoxidable 304 y exterior de PP. Con capacidad para 350 ml. Cuenta con una tapa a rosca con dosificador y tap\u00f3n individual, para mantener tus bebidas a una temperatura \u00f3ptima evitando ca\u00eddas de l\u00edquidos y derrames.<\/p>","protected":false},"excerpt":{"rendered":"<p>Vaso de doble pared con interior elaborado en acero inoxidable 304 y exterior de PP. Con capacidad para 350 ml. Cuenta con una tapa a rosca con dosificador y tap\u00f3n individual, para mantener tus bebidas a una temperatura \u00f3ptima evitando ca\u00eddas de l\u00edquidos y derrames.<\/p>","protected":false},"featured_media":211665,"comment_status":"open","ping_status":"closed","template":"","meta":{"_acf_changed":false},"product_brand":[14012],"product_cat":[13958,14006,13971],"product_tag":[],"class_list":{"0":"post-211664","1":"product","2":"type-product","3":"status-publish","4":"has-post-thumbnail","6":"product_brand-stamina","7":"product_cat-mr-botellas-y-termos","8":"product_cat-acc-merchandising","9":"product_cat-mr-tazas","10":"tm-no-options","12":"first","13":"instock","14":"taxable","15":"shipping-taxable","16":"product-type-variable"},"acf":[],"_links":{"self":[{"href":"https:\/\/grupotextil.es\/en\/wp-json\/wp\/v2\/product\/211664","targetHints":{"allow":["GET"]}}],"collection":[{"href":"https:\/\/grupotextil.es\/en\/wp-json\/wp\/v2\/product"}],"about":[{"href":"https:\/\/grupotextil.es\/en\/wp-json\/wp\/v2\/types\/product"}],"replies":[{"embeddable":true,"href":"https:\/\/grupotextil.es\/en\/wp-json\/wp\/v2\/comments?post=211664"}],"wp:featuredmedia":[{"embeddable":true,"href":"https:\/\/grupotextil.es\/en\/wp-json\/wp\/v2\/media\/211665"}],"wp:attachment":[{"href":"https:\/\/grupotextil.es\/en\/wp-json\/wp\/v2\/media?parent=211664"}],"wp:term":[{"taxonomy":"product_brand","embeddable":true,"href":"https:\/\/grupotextil.es\/en\/wp-json\/wp\/v2\/product_brand?post=211664"},{"taxonomy":"product_cat","embeddable":true,"href":"https:\/\/grupotextil.es\/en\/wp-json\/wp\/v2\/product_cat?post=211664"},{"taxonomy":"product_tag","embeddable":true,"href":"https:\/\/grupotextil.es\/en\/wp-json\/wp\/v2\/product_tag?post=211664"}],"curies":[{"name":"wp","href":"https:\/\/api.w.org\/{rel}","templated":true}]}}