{"id":211684,"date":"2026-03-04T02:24:21","date_gmt":"2026-03-04T01:24:21","guid":{"rendered":"https:\/\/grupotextil.es\/producto\/paraguas-plegable-stamina-elbert-1702\/"},"modified":"2026-03-04T06:14:51","modified_gmt":"2026-03-04T05:14:51","slug":"paraguas-plegable-stamina-elbert-1702","status":"publish","type":"product","link":"https:\/\/grupotextil.es\/en\/product\/paraguas-plegable-stamina-elbert-1702\/","title":{"rendered":"Paraguas Plegable Stamina Elbert 1702"},"content":{"rendered":"<p>Paraguas plegable realizado en RPET y tejido pongee 190T con protecci\u00f3n ultravioleta UV SPF50. Apertura y cierre autom\u00e1tico, con varillas de fibra de vidrio con sistema antiventisca. Todo esto lo convierte en una opci\u00f3n completa y pr\u00e1ctica, su sistema antiventisca lo hace m\u00e1s resistente y adem\u00e1s te protege de los rayos ultravioleta. Cuenta con cierre de velcro. Incluye funda a juego.<\/p>","protected":false},"excerpt":{"rendered":"<p>Paraguas plegable realizado en RPET y tejido pongee 190T con protecci\u00f3n ultravioleta UV SPF50. Apertura y cierre autom\u00e1tico, con varillas de fibra de vidrio con sistema antiventisca. Todo esto lo convierte en una opci\u00f3n completa y pr\u00e1ctica, su sistema antiventisca lo hace m\u00e1s resistente y adem\u00e1s te protege de los rayos ultravioleta. Cuenta con cierre de velcro. Incluye funda a juego.<\/p>","protected":false},"featured_media":211685,"comment_status":"open","ping_status":"closed","template":"","meta":{"_acf_changed":false},"product_brand":[14012],"product_cat":[13973],"product_tag":[],"class_list":{"0":"post-211684","1":"product","2":"type-product","3":"status-publish","4":"has-post-thumbnail","6":"product_brand-stamina","7":"product_cat-ropa","8":"tm-no-options","10":"first","11":"instock","12":"taxable","13":"shipping-taxable","14":"product-type-variable"},"acf":[],"_links":{"self":[{"href":"https:\/\/grupotextil.es\/en\/wp-json\/wp\/v2\/product\/211684","targetHints":{"allow":["GET"]}}],"collection":[{"href":"https:\/\/grupotextil.es\/en\/wp-json\/wp\/v2\/product"}],"about":[{"href":"https:\/\/grupotextil.es\/en\/wp-json\/wp\/v2\/types\/product"}],"replies":[{"embeddable":true,"href":"https:\/\/grupotextil.es\/en\/wp-json\/wp\/v2\/comments?post=211684"}],"wp:featuredmedia":[{"embeddable":true,"href":"https:\/\/grupotextil.es\/en\/wp-json\/wp\/v2\/media\/211685"}],"wp:attachment":[{"href":"https:\/\/grupotextil.es\/en\/wp-json\/wp\/v2\/media?parent=211684"}],"wp:term":[{"taxonomy":"product_brand","embeddable":true,"href":"https:\/\/grupotextil.es\/en\/wp-json\/wp\/v2\/product_brand?post=211684"},{"taxonomy":"product_cat","embeddable":true,"href":"https:\/\/grupotextil.es\/en\/wp-json\/wp\/v2\/product_cat?post=211684"},{"taxonomy":"product_tag","embeddable":true,"href":"https:\/\/grupotextil.es\/en\/wp-json\/wp\/v2\/product_tag?post=211684"}],"curies":[{"name":"wp","href":"https:\/\/api.w.org\/{rel}","templated":true}]}}