{"id":211693,"date":"2026-03-04T02:24:31","date_gmt":"2026-03-04T01:24:31","guid":{"rendered":"https:\/\/grupotextil.es\/producto\/vaso-stamina-mirin-1686\/"},"modified":"2026-03-04T06:14:51","modified_gmt":"2026-03-04T05:14:51","slug":"vaso-stamina-mirin-1686","status":"publish","type":"product","link":"https:\/\/grupotextil.es\/en\/product\/vaso-stamina-mirin-1686\/","title":{"rendered":"Vaso Stamina Mirin 1686"},"content":{"rendered":"<p>Vaso con cuerpo de PP reciclado de doble pared y base de bamb\u00fa. Capacidad de 290 ml. Incluye tapa dosificadora, que le otorga seguridad ante derrames accidentales. Es una opci\u00f3n vers\u00e1til, sofisticada y respetuosa con el medio ambiente para transportar bebidas de cualquier \u00edndole.<\/p>","protected":false},"excerpt":{"rendered":"<p>Vaso con cuerpo de PP reciclado de doble pared y base de bamb\u00fa. Capacidad de 290 ml. Incluye tapa dosificadora, que le otorga seguridad ante derrames accidentales. Es una opci\u00f3n vers\u00e1til, sofisticada y respetuosa con el medio ambiente para transportar bebidas de cualquier \u00edndole.<\/p>","protected":false},"featured_media":211694,"comment_status":"open","ping_status":"closed","template":"","meta":{"_acf_changed":false},"product_brand":[14012],"product_cat":[13958,14006,13971],"product_tag":[],"class_list":{"0":"post-211693","1":"product","2":"type-product","3":"status-publish","4":"has-post-thumbnail","6":"product_brand-stamina","7":"product_cat-mr-botellas-y-termos","8":"product_cat-acc-merchandising","9":"product_cat-mr-tazas","10":"tm-no-options","12":"first","13":"instock","14":"taxable","15":"shipping-taxable","16":"product-type-variable"},"acf":[],"_links":{"self":[{"href":"https:\/\/grupotextil.es\/en\/wp-json\/wp\/v2\/product\/211693","targetHints":{"allow":["GET"]}}],"collection":[{"href":"https:\/\/grupotextil.es\/en\/wp-json\/wp\/v2\/product"}],"about":[{"href":"https:\/\/grupotextil.es\/en\/wp-json\/wp\/v2\/types\/product"}],"replies":[{"embeddable":true,"href":"https:\/\/grupotextil.es\/en\/wp-json\/wp\/v2\/comments?post=211693"}],"wp:featuredmedia":[{"embeddable":true,"href":"https:\/\/grupotextil.es\/en\/wp-json\/wp\/v2\/media\/211694"}],"wp:attachment":[{"href":"https:\/\/grupotextil.es\/en\/wp-json\/wp\/v2\/media?parent=211693"}],"wp:term":[{"taxonomy":"product_brand","embeddable":true,"href":"https:\/\/grupotextil.es\/en\/wp-json\/wp\/v2\/product_brand?post=211693"},{"taxonomy":"product_cat","embeddable":true,"href":"https:\/\/grupotextil.es\/en\/wp-json\/wp\/v2\/product_cat?post=211693"},{"taxonomy":"product_tag","embeddable":true,"href":"https:\/\/grupotextil.es\/en\/wp-json\/wp\/v2\/product_tag?post=211693"}],"curies":[{"name":"wp","href":"https:\/\/api.w.org\/{rel}","templated":true}]}}