{"id":211755,"date":"2026-03-04T02:25:46","date_gmt":"2026-03-04T01:25:46","guid":{"rendered":"https:\/\/grupotextil.es\/producto\/ventilador-de-escritorio-stamina-fuyi-1744\/"},"modified":"2026-03-04T06:14:51","modified_gmt":"2026-03-04T05:14:51","slug":"ventilador-de-escritorio-stamina-fuyi-1744","status":"publish","type":"product","link":"https:\/\/grupotextil.es\/en\/product\/ventilador-de-escritorio-stamina-fuyi-1744\/","title":{"rendered":"Ventilador De Escritorio Stamina Fuyi 1744"},"content":{"rendered":"<p>Ventilador de escritorio elaborado en ABS reciclado y superficie de la base en bamb\u00fa. Con 3 velocidades, plegable, con botones multifunci\u00f3n de control y funci\u00f3n reloj. Cuenta con un puerto de salida USB A y dos puertos Tipo C de entrada y salida. Con cargador inal\u00e1mbrico con potencia de 15W.<\/p>","protected":false},"excerpt":{"rendered":"<p>Ventilador de escritorio elaborado en ABS reciclado y superficie de la base en bamb\u00fa. Con 3 velocidades, plegable, con botones multifunci\u00f3n de control y funci\u00f3n reloj. Cuenta con un puerto de salida USB A y dos puertos Tipo C de entrada y salida. Con cargador inal\u00e1mbrico con potencia de 15W.<\/p>","protected":false},"featured_media":211756,"comment_status":"open","ping_status":"closed","template":"","meta":{"_acf_changed":false},"product_brand":[14012],"product_cat":[14006,13972],"product_tag":[],"class_list":{"0":"post-211755","1":"product","2":"type-product","3":"status-publish","4":"has-post-thumbnail","6":"product_brand-stamina","7":"product_cat-acc-merchandising","8":"product_cat-oficina-y-escritura","9":"tm-no-options","11":"first","12":"instock","13":"taxable","14":"shipping-taxable","15":"product-type-variable"},"acf":[],"_links":{"self":[{"href":"https:\/\/grupotextil.es\/en\/wp-json\/wp\/v2\/product\/211755","targetHints":{"allow":["GET"]}}],"collection":[{"href":"https:\/\/grupotextil.es\/en\/wp-json\/wp\/v2\/product"}],"about":[{"href":"https:\/\/grupotextil.es\/en\/wp-json\/wp\/v2\/types\/product"}],"replies":[{"embeddable":true,"href":"https:\/\/grupotextil.es\/en\/wp-json\/wp\/v2\/comments?post=211755"}],"wp:featuredmedia":[{"embeddable":true,"href":"https:\/\/grupotextil.es\/en\/wp-json\/wp\/v2\/media\/211756"}],"wp:attachment":[{"href":"https:\/\/grupotextil.es\/en\/wp-json\/wp\/v2\/media?parent=211755"}],"wp:term":[{"taxonomy":"product_brand","embeddable":true,"href":"https:\/\/grupotextil.es\/en\/wp-json\/wp\/v2\/product_brand?post=211755"},{"taxonomy":"product_cat","embeddable":true,"href":"https:\/\/grupotextil.es\/en\/wp-json\/wp\/v2\/product_cat?post=211755"},{"taxonomy":"product_tag","embeddable":true,"href":"https:\/\/grupotextil.es\/en\/wp-json\/wp\/v2\/product_tag?post=211755"}],"curies":[{"name":"wp","href":"https:\/\/api.w.org\/{rel}","templated":true}]}}