{"id":212029,"date":"2026-03-04T02:28:07","date_gmt":"2026-03-04T01:28:07","guid":{"rendered":"https:\/\/grupotextil.es\/producto\/ventilador-de-mano-stamina-giza-1797\/"},"modified":"2026-03-04T06:14:52","modified_gmt":"2026-03-04T05:14:52","slug":"ventilador-de-mano-stamina-giza-1797","status":"publish","type":"product","link":"https:\/\/grupotextil.es\/en\/product\/ventilador-de-mano-stamina-giza-1797\/","title":{"rendered":"Ventilador De Mano Stamina Giza 1797"},"content":{"rendered":"<p>Ventilador de mano elaborado en ABS reciclado, con mosquet\u00f3n y funci\u00f3n soporte. Con tres modos de velocidad, seleccionables mediante bot\u00f3n multifunci\u00f3n, y bater\u00eda recargable mediante cable Tipo C, incluido.<\/p>","protected":false},"excerpt":{"rendered":"<p>Ventilador de mano elaborado en ABS reciclado, con mosquet\u00f3n y funci\u00f3n soporte. Con tres modos de velocidad, seleccionables mediante bot\u00f3n multifunci\u00f3n, y bater\u00eda recargable mediante cable Tipo C, incluido.<\/p>","protected":false},"featured_media":212030,"comment_status":"open","ping_status":"closed","template":"","meta":{"_acf_changed":false},"product_brand":[14012],"product_cat":[13961,14006],"product_tag":[],"class_list":{"0":"post-212029","1":"product","2":"type-product","3":"status-publish","4":"has-post-thumbnail","6":"product_brand-stamina","7":"product_cat-mr-articulos-de-playa","8":"product_cat-acc-merchandising","9":"tm-no-options","11":"first","12":"instock","13":"taxable","14":"shipping-taxable","15":"product-type-variable"},"acf":[],"_links":{"self":[{"href":"https:\/\/grupotextil.es\/en\/wp-json\/wp\/v2\/product\/212029","targetHints":{"allow":["GET"]}}],"collection":[{"href":"https:\/\/grupotextil.es\/en\/wp-json\/wp\/v2\/product"}],"about":[{"href":"https:\/\/grupotextil.es\/en\/wp-json\/wp\/v2\/types\/product"}],"replies":[{"embeddable":true,"href":"https:\/\/grupotextil.es\/en\/wp-json\/wp\/v2\/comments?post=212029"}],"wp:featuredmedia":[{"embeddable":true,"href":"https:\/\/grupotextil.es\/en\/wp-json\/wp\/v2\/media\/212030"}],"wp:attachment":[{"href":"https:\/\/grupotextil.es\/en\/wp-json\/wp\/v2\/media?parent=212029"}],"wp:term":[{"taxonomy":"product_brand","embeddable":true,"href":"https:\/\/grupotextil.es\/en\/wp-json\/wp\/v2\/product_brand?post=212029"},{"taxonomy":"product_cat","embeddable":true,"href":"https:\/\/grupotextil.es\/en\/wp-json\/wp\/v2\/product_cat?post=212029"},{"taxonomy":"product_tag","embeddable":true,"href":"https:\/\/grupotextil.es\/en\/wp-json\/wp\/v2\/product_tag?post=212029"}],"curies":[{"name":"wp","href":"https:\/\/api.w.org\/{rel}","templated":true}]}}