{"id":212110,"date":"2026-03-04T02:29:29","date_gmt":"2026-03-04T01:29:29","guid":{"rendered":"https:\/\/grupotextil.es\/producto\/camisa-stanley-stella-stanley-denim-shirt-stwm967\/"},"modified":"2026-03-04T06:14:52","modified_gmt":"2026-03-04T05:14:52","slug":"camisa-stanley-stella-stanley-denim-shirt-stwm967","status":"publish","type":"product","link":"https:\/\/grupotextil.es\/en\/product\/camisa-stanley-stella-stanley-denim-shirt-stwm967\/","title":{"rendered":"Camisa Stanley\/Stella Stanley Denim Shirt STWM967"},"content":{"rendered":"<p>Cuello abotonado con pespuntes de aguja simple Pie de cuello Tapeta delantera con pespuntes de aguja simple en cada lado Hombro adelantado Canes\u00fa trasero Canes\u00fa interior en el mismo tejido Mangas montadas Tapeta de la manga con un bot\u00f3n Pu\u00f1o con dos botones Esquinas de los pu\u00f1os redondeadas Pliegues dobles en la costura del pu\u00f1o Efecto descolorido en todas las costuras debido al lavado de la prenda Producto te\u00f1ido con hilo \u00edndigo, cada prenda puede variar en apariencia, el color puede deste\u00f1ir, siga nuestra etiqueta de cuidado Lea cuidadosamente las recomendaciones de impresi\u00f3n<\/p>","protected":false},"excerpt":{"rendered":"<p>Cuello abotonado con pespuntes de aguja simple Pie de cuello Tapeta delantera con pespuntes de aguja simple en cada lado Hombro adelantado Canes\u00fa trasero Canes\u00fa interior en el mismo tejido Mangas montadas Tapeta de la manga con un bot\u00f3n Pu\u00f1o con dos botones Esquinas de los pu\u00f1os redondeadas Pliegues dobles en la costura del pu\u00f1o Efecto descolorido en todas las costuras debido al lavado de la prenda Producto te\u00f1ido con hilo \u00edndigo, cada prenda puede variar en apariencia, el color puede deste\u00f1ir, siga nuestra etiqueta de cuidado Lea cuidadosamente las recomendaciones de impresi\u00f3n<\/p>","protected":false},"featured_media":212111,"comment_status":"open","ping_status":"closed","template":"","meta":{"_acf_changed":false},"product_brand":[14178],"product_cat":[13948],"product_tag":[],"class_list":{"0":"post-212110","1":"product","2":"type-product","3":"status-publish","4":"has-post-thumbnail","6":"product_brand-stanley-stella","7":"product_cat-accesorios","8":"tm-no-options","10":"first","11":"instock","12":"taxable","13":"shipping-taxable","14":"product-type-variable"},"acf":[],"_links":{"self":[{"href":"https:\/\/grupotextil.es\/en\/wp-json\/wp\/v2\/product\/212110","targetHints":{"allow":["GET"]}}],"collection":[{"href":"https:\/\/grupotextil.es\/en\/wp-json\/wp\/v2\/product"}],"about":[{"href":"https:\/\/grupotextil.es\/en\/wp-json\/wp\/v2\/types\/product"}],"replies":[{"embeddable":true,"href":"https:\/\/grupotextil.es\/en\/wp-json\/wp\/v2\/comments?post=212110"}],"wp:featuredmedia":[{"embeddable":true,"href":"https:\/\/grupotextil.es\/en\/wp-json\/wp\/v2\/media\/212111"}],"wp:attachment":[{"href":"https:\/\/grupotextil.es\/en\/wp-json\/wp\/v2\/media?parent=212110"}],"wp:term":[{"taxonomy":"product_brand","embeddable":true,"href":"https:\/\/grupotextil.es\/en\/wp-json\/wp\/v2\/product_brand?post=212110"},{"taxonomy":"product_cat","embeddable":true,"href":"https:\/\/grupotextil.es\/en\/wp-json\/wp\/v2\/product_cat?post=212110"},{"taxonomy":"product_tag","embeddable":true,"href":"https:\/\/grupotextil.es\/en\/wp-json\/wp\/v2\/product_tag?post=212110"}],"curies":[{"name":"wp","href":"https:\/\/api.w.org\/{rel}","templated":true}]}}