{"id":212177,"date":"2026-03-04T02:30:35","date_gmt":"2026-03-04T01:30:35","guid":{"rendered":"https:\/\/grupotextil.es\/producto\/vaso-shaker-stamina-reily-1699\/"},"modified":"2026-03-04T06:14:53","modified_gmt":"2026-03-04T05:14:53","slug":"vaso-shaker-stamina-reily-1699","status":"publish","type":"product","link":"https:\/\/grupotextil.es\/en\/product\/vaso-shaker-stamina-reily-1699\/","title":{"rendered":"Vaso Shaker Stamina Reily 1699"},"content":{"rendered":"<p>Shaker elaborado en PP, con agitador de acero inoxidable 304. Capacidad de 600ml. Cuenta con compartimentos adicionales para suplementos y dosificador, tambi\u00e9n elaborados en PP. Adem\u00e1s incorpora un mosquet\u00f3n especial para facilitar su transporte. Una opci\u00f3n pr\u00e1ctica y funcional que adem\u00e1s cuenta con un tacto suave.<\/p>","protected":false},"excerpt":{"rendered":"<p>Shaker elaborado en PP, con agitador de acero inoxidable 304. Capacidad de 600ml. Cuenta con compartimentos adicionales para suplementos y dosificador, tambi\u00e9n elaborados en PP. Adem\u00e1s incorpora un mosquet\u00f3n especial para facilitar su transporte. Una opci\u00f3n pr\u00e1ctica y funcional que adem\u00e1s cuenta con un tacto suave.<\/p>","protected":false},"featured_media":212178,"comment_status":"open","ping_status":"closed","template":"","meta":{"_acf_changed":false},"product_brand":[14012],"product_cat":[13958,14006,13971],"product_tag":[],"class_list":{"0":"post-212177","1":"product","2":"type-product","3":"status-publish","4":"has-post-thumbnail","6":"product_brand-stamina","7":"product_cat-mr-botellas-y-termos","8":"product_cat-acc-merchandising","9":"product_cat-mr-tazas","10":"tm-no-options","12":"first","13":"instock","14":"taxable","15":"shipping-taxable","16":"product-type-variable"},"acf":[],"_links":{"self":[{"href":"https:\/\/grupotextil.es\/en\/wp-json\/wp\/v2\/product\/212177","targetHints":{"allow":["GET"]}}],"collection":[{"href":"https:\/\/grupotextil.es\/en\/wp-json\/wp\/v2\/product"}],"about":[{"href":"https:\/\/grupotextil.es\/en\/wp-json\/wp\/v2\/types\/product"}],"replies":[{"embeddable":true,"href":"https:\/\/grupotextil.es\/en\/wp-json\/wp\/v2\/comments?post=212177"}],"wp:featuredmedia":[{"embeddable":true,"href":"https:\/\/grupotextil.es\/en\/wp-json\/wp\/v2\/media\/212178"}],"wp:attachment":[{"href":"https:\/\/grupotextil.es\/en\/wp-json\/wp\/v2\/media?parent=212177"}],"wp:term":[{"taxonomy":"product_brand","embeddable":true,"href":"https:\/\/grupotextil.es\/en\/wp-json\/wp\/v2\/product_brand?post=212177"},{"taxonomy":"product_cat","embeddable":true,"href":"https:\/\/grupotextil.es\/en\/wp-json\/wp\/v2\/product_cat?post=212177"},{"taxonomy":"product_tag","embeddable":true,"href":"https:\/\/grupotextil.es\/en\/wp-json\/wp\/v2\/product_tag?post=212177"}],"curies":[{"name":"wp","href":"https:\/\/api.w.org\/{rel}","templated":true}]}}