{"id":212234,"date":"2026-03-04T02:31:26","date_gmt":"2026-03-04T01:31:26","guid":{"rendered":"https:\/\/grupotextil.es\/producto\/camisa-stanley-stella-stanley-oxford-shirt-stwm968\/"},"modified":"2026-03-04T06:14:53","modified_gmt":"2026-03-04T05:14:53","slug":"camisa-stanley-stella-stanley-oxford-shirt-stwm968","status":"publish","type":"product","link":"https:\/\/grupotextil.es\/en\/product\/camisa-stanley-stella-stanley-oxford-shirt-stwm968\/","title":{"rendered":"Camisa Stanley\/Stella Stanley Oxford Shirt STWM968"},"content":{"rendered":"<p>Cuello abotonado con pespuntes de aguja simple Pie de cuello Tapeta delantera con pespuntes de aguja simple en cada lado Hombro adelantado Canes\u00fa trasero con pliegue de caja Canes\u00fa interior en el mismo tejido Mangas montadas Tapeta de la manga con un bot\u00f3n Pu\u00f1o con dos botones Esquinas de los pu\u00f1os redondeadas Pliegues dobles en la costura del pu\u00f1o<\/p>","protected":false},"excerpt":{"rendered":"<p>Cuello abotonado con pespuntes de aguja simple Pie de cuello Tapeta delantera con pespuntes de aguja simple en cada lado Hombro adelantado Canes\u00fa trasero con pliegue de caja Canes\u00fa interior en el mismo tejido Mangas montadas Tapeta de la manga con un bot\u00f3n Pu\u00f1o con dos botones Esquinas de los pu\u00f1os redondeadas Pliegues dobles en la costura del pu\u00f1o<\/p>","protected":false},"featured_media":212235,"comment_status":"open","ping_status":"closed","template":"","meta":{"_acf_changed":false},"product_brand":[14178],"product_cat":[13932,13930],"product_tag":[],"class_list":{"0":"post-212234","1":"product","2":"type-product","3":"status-publish","4":"has-post-thumbnail","6":"product_brand-stanley-stella","7":"product_cat-hosteleria-horeca","8":"product_cat-laboral","9":"tm-no-options","11":"first","12":"instock","13":"taxable","14":"shipping-taxable","15":"product-type-variable"},"acf":[],"_links":{"self":[{"href":"https:\/\/grupotextil.es\/en\/wp-json\/wp\/v2\/product\/212234","targetHints":{"allow":["GET"]}}],"collection":[{"href":"https:\/\/grupotextil.es\/en\/wp-json\/wp\/v2\/product"}],"about":[{"href":"https:\/\/grupotextil.es\/en\/wp-json\/wp\/v2\/types\/product"}],"replies":[{"embeddable":true,"href":"https:\/\/grupotextil.es\/en\/wp-json\/wp\/v2\/comments?post=212234"}],"wp:featuredmedia":[{"embeddable":true,"href":"https:\/\/grupotextil.es\/en\/wp-json\/wp\/v2\/media\/212235"}],"wp:attachment":[{"href":"https:\/\/grupotextil.es\/en\/wp-json\/wp\/v2\/media?parent=212234"}],"wp:term":[{"taxonomy":"product_brand","embeddable":true,"href":"https:\/\/grupotextil.es\/en\/wp-json\/wp\/v2\/product_brand?post=212234"},{"taxonomy":"product_cat","embeddable":true,"href":"https:\/\/grupotextil.es\/en\/wp-json\/wp\/v2\/product_cat?post=212234"},{"taxonomy":"product_tag","embeddable":true,"href":"https:\/\/grupotextil.es\/en\/wp-json\/wp\/v2\/product_tag?post=212234"}],"curies":[{"name":"wp","href":"https:\/\/api.w.org\/{rel}","templated":true}]}}