{"id":212310,"date":"2026-03-04T02:32:49","date_gmt":"2026-03-04T01:32:49","guid":{"rendered":"https:\/\/grupotextil.es\/producto\/silla-plegable-stamina-bekal-1582\/"},"modified":"2026-03-04T06:14:53","modified_gmt":"2026-03-04T05:14:53","slug":"silla-plegable-stamina-bekal-1582","status":"publish","type":"product","link":"https:\/\/grupotextil.es\/en\/product\/silla-plegable-stamina-bekal-1582\/","title":{"rendered":"Silla Plegable Stamina Bekal 1582"},"content":{"rendered":"<p>Silla plegable para exterior realizada en pol\u00edester 600D. Cuenta con reposabrazos con soporte para bebida en uno de ellos para hacerla m\u00e1s pr\u00e1ctica. F\u00e1cilmente plegable y de sencillo guardado en su funda individual.<\/p>","protected":false},"excerpt":{"rendered":"<p>Silla plegable para exterior realizada en pol\u00edester 600D. Cuenta con reposabrazos con soporte para bebida en uno de ellos para hacerla m\u00e1s pr\u00e1ctica. F\u00e1cilmente plegable y de sencillo guardado en su funda individual.<\/p>","protected":false},"featured_media":212311,"comment_status":"open","ping_status":"closed","template":"","meta":{"_acf_changed":false},"product_brand":[14012],"product_cat":[13961,14006],"product_tag":[],"class_list":{"0":"post-212310","1":"product","2":"type-product","3":"status-publish","4":"has-post-thumbnail","6":"product_brand-stamina","7":"product_cat-mr-articulos-de-playa","8":"product_cat-acc-merchandising","9":"tm-no-options","11":"first","12":"instock","13":"taxable","14":"shipping-taxable","15":"product-type-variable"},"acf":[],"_links":{"self":[{"href":"https:\/\/grupotextil.es\/en\/wp-json\/wp\/v2\/product\/212310","targetHints":{"allow":["GET"]}}],"collection":[{"href":"https:\/\/grupotextil.es\/en\/wp-json\/wp\/v2\/product"}],"about":[{"href":"https:\/\/grupotextil.es\/en\/wp-json\/wp\/v2\/types\/product"}],"replies":[{"embeddable":true,"href":"https:\/\/grupotextil.es\/en\/wp-json\/wp\/v2\/comments?post=212310"}],"wp:featuredmedia":[{"embeddable":true,"href":"https:\/\/grupotextil.es\/en\/wp-json\/wp\/v2\/media\/212311"}],"wp:attachment":[{"href":"https:\/\/grupotextil.es\/en\/wp-json\/wp\/v2\/media?parent=212310"}],"wp:term":[{"taxonomy":"product_brand","embeddable":true,"href":"https:\/\/grupotextil.es\/en\/wp-json\/wp\/v2\/product_brand?post=212310"},{"taxonomy":"product_cat","embeddable":true,"href":"https:\/\/grupotextil.es\/en\/wp-json\/wp\/v2\/product_cat?post=212310"},{"taxonomy":"product_tag","embeddable":true,"href":"https:\/\/grupotextil.es\/en\/wp-json\/wp\/v2\/product_tag?post=212310"}],"curies":[{"name":"wp","href":"https:\/\/api.w.org\/{rel}","templated":true}]}}