{"id":212318,"date":"2026-03-04T02:32:58","date_gmt":"2026-03-04T01:32:58","guid":{"rendered":"https:\/\/grupotextil.es\/producto\/funda-para-gafas-stamina-yoman-1741\/"},"modified":"2026-03-04T06:14:53","modified_gmt":"2026-03-04T05:14:53","slug":"funda-para-gafas-stamina-yoman-1741","status":"publish","type":"product","link":"https:\/\/grupotextil.es\/en\/product\/funda-para-gafas-stamina-yoman-1741\/","title":{"rendered":"Funda Para Gafas Stamina Yoman 1741"},"content":{"rendered":"<p>Funda para gafas de fieltro reciclado, una opci\u00f3n sostenible y resistente para el almacenaje de tus gafas. Gracias a su tama\u00f1o universal se convierte en una opci\u00f3n vers\u00e1til y pr\u00e1ctica para cualquier modelo de gafas.<\/p>","protected":false},"excerpt":{"rendered":"<p>Funda para gafas de fieltro reciclado, una opci\u00f3n sostenible y resistente para el almacenaje de tus gafas. Gracias a su tama\u00f1o universal se convierte en una opci\u00f3n vers\u00e1til y pr\u00e1ctica para cualquier modelo de gafas.<\/p>","protected":false},"featured_media":212319,"comment_status":"open","ping_status":"closed","template":"","meta":{"_acf_changed":false},"product_brand":[14012],"product_cat":[13961,14006],"product_tag":[],"class_list":{"0":"post-212318","1":"product","2":"type-product","3":"status-publish","4":"has-post-thumbnail","6":"product_brand-stamina","7":"product_cat-mr-articulos-de-playa","8":"product_cat-acc-merchandising","9":"tm-no-options","11":"first","12":"instock","13":"taxable","14":"shipping-taxable","15":"product-type-variable"},"acf":[],"_links":{"self":[{"href":"https:\/\/grupotextil.es\/en\/wp-json\/wp\/v2\/product\/212318","targetHints":{"allow":["GET"]}}],"collection":[{"href":"https:\/\/grupotextil.es\/en\/wp-json\/wp\/v2\/product"}],"about":[{"href":"https:\/\/grupotextil.es\/en\/wp-json\/wp\/v2\/types\/product"}],"replies":[{"embeddable":true,"href":"https:\/\/grupotextil.es\/en\/wp-json\/wp\/v2\/comments?post=212318"}],"wp:featuredmedia":[{"embeddable":true,"href":"https:\/\/grupotextil.es\/en\/wp-json\/wp\/v2\/media\/212319"}],"wp:attachment":[{"href":"https:\/\/grupotextil.es\/en\/wp-json\/wp\/v2\/media?parent=212318"}],"wp:term":[{"taxonomy":"product_brand","embeddable":true,"href":"https:\/\/grupotextil.es\/en\/wp-json\/wp\/v2\/product_brand?post=212318"},{"taxonomy":"product_cat","embeddable":true,"href":"https:\/\/grupotextil.es\/en\/wp-json\/wp\/v2\/product_cat?post=212318"},{"taxonomy":"product_tag","embeddable":true,"href":"https:\/\/grupotextil.es\/en\/wp-json\/wp\/v2\/product_tag?post=212318"}],"curies":[{"name":"wp","href":"https:\/\/api.w.org\/{rel}","templated":true}]}}