{"id":212325,"date":"2026-03-04T02:33:09","date_gmt":"2026-03-04T01:33:09","guid":{"rendered":"https:\/\/grupotextil.es\/producto\/silla-plegable-stamina-koval-1581\/"},"modified":"2026-03-04T06:14:54","modified_gmt":"2026-03-04T05:14:54","slug":"silla-plegable-stamina-koval-1581","status":"publish","type":"product","link":"https:\/\/grupotextil.es\/en\/product\/silla-plegable-stamina-koval-1581\/","title":{"rendered":"Silla Plegable Stamina Koval 1581"},"content":{"rendered":"<p>Silla plegable para exterior realizada en poli\u00e9ster 600D. En la parte inferior incluye nevera con interior isot\u00e9rmico con cierre de cremallera para mantener tus bebidas fr\u00edas mientras descansas. Cuenta con asa y un mecanismo de sencillo plegado para hacer m\u00e1s f\u00e1cil su transporte y guardado.<\/p>","protected":false},"excerpt":{"rendered":"<p>Silla plegable para exterior realizada en poli\u00e9ster 600D. En la parte inferior incluye nevera con interior isot\u00e9rmico con cierre de cremallera para mantener tus bebidas fr\u00edas mientras descansas. Cuenta con asa y un mecanismo de sencillo plegado para hacer m\u00e1s f\u00e1cil su transporte y guardado.<\/p>","protected":false},"featured_media":212326,"comment_status":"open","ping_status":"closed","template":"","meta":{"_acf_changed":false},"product_brand":[14012],"product_cat":[13961,14006],"product_tag":[],"class_list":{"0":"post-212325","1":"product","2":"type-product","3":"status-publish","4":"has-post-thumbnail","6":"product_brand-stamina","7":"product_cat-mr-articulos-de-playa","8":"product_cat-acc-merchandising","9":"tm-no-options","11":"first","12":"instock","13":"taxable","14":"shipping-taxable","15":"product-type-variable"},"acf":[],"_links":{"self":[{"href":"https:\/\/grupotextil.es\/en\/wp-json\/wp\/v2\/product\/212325","targetHints":{"allow":["GET"]}}],"collection":[{"href":"https:\/\/grupotextil.es\/en\/wp-json\/wp\/v2\/product"}],"about":[{"href":"https:\/\/grupotextil.es\/en\/wp-json\/wp\/v2\/types\/product"}],"replies":[{"embeddable":true,"href":"https:\/\/grupotextil.es\/en\/wp-json\/wp\/v2\/comments?post=212325"}],"wp:featuredmedia":[{"embeddable":true,"href":"https:\/\/grupotextil.es\/en\/wp-json\/wp\/v2\/media\/212326"}],"wp:attachment":[{"href":"https:\/\/grupotextil.es\/en\/wp-json\/wp\/v2\/media?parent=212325"}],"wp:term":[{"taxonomy":"product_brand","embeddable":true,"href":"https:\/\/grupotextil.es\/en\/wp-json\/wp\/v2\/product_brand?post=212325"},{"taxonomy":"product_cat","embeddable":true,"href":"https:\/\/grupotextil.es\/en\/wp-json\/wp\/v2\/product_cat?post=212325"},{"taxonomy":"product_tag","embeddable":true,"href":"https:\/\/grupotextil.es\/en\/wp-json\/wp\/v2\/product_tag?post=212325"}],"curies":[{"name":"wp","href":"https:\/\/api.w.org\/{rel}","templated":true}]}}