{"id":212354,"date":"2026-03-04T02:33:39","date_gmt":"2026-03-04T01:33:39","guid":{"rendered":"https:\/\/grupotextil.es\/producto\/reloj-inteligente-stamina-norex-1701\/"},"modified":"2026-03-04T06:14:54","modified_gmt":"2026-03-04T05:14:54","slug":"reloj-inteligente-stamina-norex-1701","status":"publish","type":"product","link":"https:\/\/grupotextil.es\/en\/product\/reloj-inteligente-stamina-norex-1701\/","title":{"rendered":"Reloj Inteligente Stamina Norex 1701"},"content":{"rendered":"<p>Reloj inteligente con funciones de actividad. Correa de TPU ajustable y pantalla de 2,01 pulgadas. Cuenta con funci\u00f3n llamadas a trav\u00e9s de conexi\u00f3n Bluetooth, con controles para responder, colgar, marcar o acceder al historial de llamadas mediante sus botones multifunci\u00f3n. Tambi\u00e9n incorpora funciones de medici\u00f3n de ritmo card\u00edaco, presi\u00f3n arterial, monitorizaci\u00f3n de deporte, con gran variedad de modos, n\u00famero de pasos diarios, puls\u00f3metro, control de calor\u00edas quemadas, alarma, visualizaci\u00f3n de mensajes, fotograf\u00eda remota, reproducci\u00f3n de m\u00fasica, asistente de voz y notificaciones, entre otras. Conexi\u00f3n mediante APP compatible con IOS y Android.<\/p>","protected":false},"excerpt":{"rendered":"<p>Reloj inteligente con funciones de actividad. Correa de TPU ajustable y pantalla de 2,01 pulgadas. Cuenta con funci\u00f3n llamadas a trav\u00e9s de conexi\u00f3n Bluetooth, con controles para responder, colgar, marcar o acceder al historial de llamadas mediante sus botones multifunci\u00f3n. Tambi\u00e9n incorpora funciones de medici\u00f3n de ritmo card\u00edaco, presi\u00f3n arterial, monitorizaci\u00f3n de deporte, con gran variedad de modos, n\u00famero de pasos diarios, puls\u00f3metro, control de calor\u00edas quemadas, alarma, visualizaci\u00f3n de mensajes, fotograf\u00eda remota, reproducci\u00f3n de m\u00fasica, asistente de voz y notificaciones, entre otras. Conexi\u00f3n mediante APP compatible con IOS y Android.<\/p>","protected":false},"featured_media":212355,"comment_status":"open","ping_status":"closed","template":"","meta":{"_acf_changed":false},"product_brand":[14012],"product_cat":[14006,13959],"product_tag":[],"class_list":{"0":"post-212354","1":"product","2":"type-product","3":"status-publish","4":"has-post-thumbnail","6":"product_brand-stamina","7":"product_cat-acc-merchandising","8":"product_cat-mr-tecnologia","9":"tm-no-options","11":"first","12":"outofstock","13":"taxable","14":"shipping-taxable","15":"product-type-variable"},"acf":[],"_links":{"self":[{"href":"https:\/\/grupotextil.es\/en\/wp-json\/wp\/v2\/product\/212354","targetHints":{"allow":["GET"]}}],"collection":[{"href":"https:\/\/grupotextil.es\/en\/wp-json\/wp\/v2\/product"}],"about":[{"href":"https:\/\/grupotextil.es\/en\/wp-json\/wp\/v2\/types\/product"}],"replies":[{"embeddable":true,"href":"https:\/\/grupotextil.es\/en\/wp-json\/wp\/v2\/comments?post=212354"}],"wp:featuredmedia":[{"embeddable":true,"href":"https:\/\/grupotextil.es\/en\/wp-json\/wp\/v2\/media\/212355"}],"wp:attachment":[{"href":"https:\/\/grupotextil.es\/en\/wp-json\/wp\/v2\/media?parent=212354"}],"wp:term":[{"taxonomy":"product_brand","embeddable":true,"href":"https:\/\/grupotextil.es\/en\/wp-json\/wp\/v2\/product_brand?post=212354"},{"taxonomy":"product_cat","embeddable":true,"href":"https:\/\/grupotextil.es\/en\/wp-json\/wp\/v2\/product_cat?post=212354"},{"taxonomy":"product_tag","embeddable":true,"href":"https:\/\/grupotextil.es\/en\/wp-json\/wp\/v2\/product_tag?post=212354"}],"curies":[{"name":"wp","href":"https:\/\/api.w.org\/{rel}","templated":true}]}}