{"id":212375,"date":"2026-03-04T02:34:03","date_gmt":"2026-03-04T01:34:03","guid":{"rendered":"https:\/\/grupotextil.es\/producto\/nevera-gran-formato-stamina-ozark-1720\/"},"modified":"2026-03-04T06:14:54","modified_gmt":"2026-03-04T05:14:54","slug":"nevera-gran-formato-stamina-ozark-1720","status":"publish","type":"product","link":"https:\/\/grupotextil.es\/en\/product\/nevera-gran-formato-stamina-ozark-1720\/","title":{"rendered":"Nevera Gran Formato Stamina Ozark 1720"},"content":{"rendered":"<p>Nevera de gran formato realizada en 600D RPET, lo que la hace una opci\u00f3n sostenible y funciional. Cuenta con un bolsillo frontal preparado para el almacenaje de utensilios o snaks. Adem\u00e1s de incluir un bolsillo lateral de rejilla para el transporte de botellas y bebidas. Interior Isot\u00e9rmico para mantener los alimentos en una temperatura \u00f3ptima y cinta de transporte ajustable para mayor comodidad.<\/p>","protected":false},"excerpt":{"rendered":"<p>Nevera de gran formato realizada en 600D RPET, lo que la hace una opci\u00f3n sostenible y funciional. Cuenta con un bolsillo frontal preparado para el almacenaje de utensilios o snaks. Adem\u00e1s de incluir un bolsillo lateral de rejilla para el transporte de botellas y bebidas. Interior Isot\u00e9rmico para mantener los alimentos en una temperatura \u00f3ptima y cinta de transporte ajustable para mayor comodidad.<\/p>","protected":false},"featured_media":212376,"comment_status":"open","ping_status":"closed","template":"","meta":{"_acf_changed":false},"product_brand":[14012],"product_cat":[13961,13954,14006],"product_tag":[],"class_list":{"0":"post-212375","1":"product","2":"type-product","3":"status-publish","4":"has-post-thumbnail","6":"product_brand-stamina","7":"product_cat-mr-articulos-de-playa","8":"product_cat-acc-bolsas-y-mochilas","9":"product_cat-acc-merchandising","10":"tm-no-options","12":"first","13":"instock","14":"taxable","15":"shipping-taxable","16":"product-type-variable"},"acf":[],"_links":{"self":[{"href":"https:\/\/grupotextil.es\/en\/wp-json\/wp\/v2\/product\/212375","targetHints":{"allow":["GET"]}}],"collection":[{"href":"https:\/\/grupotextil.es\/en\/wp-json\/wp\/v2\/product"}],"about":[{"href":"https:\/\/grupotextil.es\/en\/wp-json\/wp\/v2\/types\/product"}],"replies":[{"embeddable":true,"href":"https:\/\/grupotextil.es\/en\/wp-json\/wp\/v2\/comments?post=212375"}],"wp:featuredmedia":[{"embeddable":true,"href":"https:\/\/grupotextil.es\/en\/wp-json\/wp\/v2\/media\/212376"}],"wp:attachment":[{"href":"https:\/\/grupotextil.es\/en\/wp-json\/wp\/v2\/media?parent=212375"}],"wp:term":[{"taxonomy":"product_brand","embeddable":true,"href":"https:\/\/grupotextil.es\/en\/wp-json\/wp\/v2\/product_brand?post=212375"},{"taxonomy":"product_cat","embeddable":true,"href":"https:\/\/grupotextil.es\/en\/wp-json\/wp\/v2\/product_cat?post=212375"},{"taxonomy":"product_tag","embeddable":true,"href":"https:\/\/grupotextil.es\/en\/wp-json\/wp\/v2\/product_tag?post=212375"}],"curies":[{"name":"wp","href":"https:\/\/api.w.org\/{rel}","templated":true}]}}