{"id":212528,"date":"2026-03-04T02:36:53","date_gmt":"2026-03-04T01:36:53","guid":{"rendered":"https:\/\/grupotextil.es\/producto\/taza-metalica-stamina-alepo-1711\/"},"modified":"2026-03-04T06:14:56","modified_gmt":"2026-03-04T05:14:56","slug":"taza-metalica-stamina-alepo-1711","status":"publish","type":"product","link":"https:\/\/grupotextil.es\/en\/product\/taza-metalica-stamina-alepo-1711\/","title":{"rendered":"Taza Met\u00e1lica Stamina Alepo 1711"},"content":{"rendered":"<p>Taza alta met\u00e1lica esmaltada con borde redondeado en color plata. Capacidad 380ml. Cuenta con recubrimiento especial para sublimaci\u00f3n. Gracias a su composici\u00f3n en metal, es una opci\u00f3n perfecta para tomar bebidas a una temperatura \u00f3ptima con el mejor logotipo promocional.<\/p>","protected":false},"excerpt":{"rendered":"<p>Taza alta met\u00e1lica esmaltada con borde redondeado en color plata. Capacidad 380ml. Cuenta con recubrimiento especial para sublimaci\u00f3n. Gracias a su composici\u00f3n en metal, es una opci\u00f3n perfecta para tomar bebidas a una temperatura \u00f3ptima con el mejor logotipo promocional.<\/p>","protected":false},"featured_media":212529,"comment_status":"open","ping_status":"closed","template":"","meta":{"_acf_changed":false},"product_brand":[14012],"product_cat":[14006,13971],"product_tag":[],"class_list":{"0":"post-212528","1":"product","2":"type-product","3":"status-publish","4":"has-post-thumbnail","6":"product_brand-stamina","7":"product_cat-acc-merchandising","8":"product_cat-mr-tazas","9":"tm-no-options","11":"first","12":"instock","13":"taxable","14":"shipping-taxable","15":"product-type-variable"},"acf":[],"_links":{"self":[{"href":"https:\/\/grupotextil.es\/en\/wp-json\/wp\/v2\/product\/212528","targetHints":{"allow":["GET"]}}],"collection":[{"href":"https:\/\/grupotextil.es\/en\/wp-json\/wp\/v2\/product"}],"about":[{"href":"https:\/\/grupotextil.es\/en\/wp-json\/wp\/v2\/types\/product"}],"replies":[{"embeddable":true,"href":"https:\/\/grupotextil.es\/en\/wp-json\/wp\/v2\/comments?post=212528"}],"wp:featuredmedia":[{"embeddable":true,"href":"https:\/\/grupotextil.es\/en\/wp-json\/wp\/v2\/media\/212529"}],"wp:attachment":[{"href":"https:\/\/grupotextil.es\/en\/wp-json\/wp\/v2\/media?parent=212528"}],"wp:term":[{"taxonomy":"product_brand","embeddable":true,"href":"https:\/\/grupotextil.es\/en\/wp-json\/wp\/v2\/product_brand?post=212528"},{"taxonomy":"product_cat","embeddable":true,"href":"https:\/\/grupotextil.es\/en\/wp-json\/wp\/v2\/product_cat?post=212528"},{"taxonomy":"product_tag","embeddable":true,"href":"https:\/\/grupotextil.es\/en\/wp-json\/wp\/v2\/product_tag?post=212528"}],"curies":[{"name":"wp","href":"https:\/\/api.w.org\/{rel}","templated":true}]}}