{"id":212534,"date":"2026-03-04T02:37:01","date_gmt":"2026-03-04T01:37:01","guid":{"rendered":"https:\/\/grupotextil.es\/producto\/taza-termica-stamina-kranston-1709\/"},"modified":"2026-03-04T06:14:56","modified_gmt":"2026-03-04T05:14:56","slug":"taza-termica-stamina-kranston-1709","status":"publish","type":"product","link":"https:\/\/grupotextil.es\/en\/product\/taza-termica-stamina-kranston-1709\/","title":{"rendered":"Taza T\u00e9rmica Stamina Kranston 1709"},"content":{"rendered":"<p>Taza t\u00e9rmica de doble capa en acero inoxidable 304 reciclado. Capacidad 870ml. Cuenta con una tapa con pajita a juego, adem\u00e1s de un sistema de cierre a rosca, que lo convierten en una opci\u00f3n pr\u00e1ctica y funcional. Gracias a su tama\u00f1o y su asa incorporada en el cuerpo es f\u00e1cilmente transportable, adem\u00e1s de ser totalmente funcional manteniendo tus bebidas a una temperatura \u00f3ptima.<\/p>","protected":false},"excerpt":{"rendered":"<p>Taza t\u00e9rmica de doble capa en acero inoxidable 304 reciclado. Capacidad 870ml. Cuenta con una tapa con pajita a juego, adem\u00e1s de un sistema de cierre a rosca, que lo convierten en una opci\u00f3n pr\u00e1ctica y funcional. Gracias a su tama\u00f1o y su asa incorporada en el cuerpo es f\u00e1cilmente transportable, adem\u00e1s de ser totalmente funcional manteniendo tus bebidas a una temperatura \u00f3ptima.<\/p>","protected":false},"featured_media":212535,"comment_status":"open","ping_status":"closed","template":"","meta":{"_acf_changed":false},"product_brand":[14012],"product_cat":[14006,13971],"product_tag":[],"class_list":{"0":"post-212534","1":"product","2":"type-product","3":"status-publish","4":"has-post-thumbnail","6":"product_brand-stamina","7":"product_cat-acc-merchandising","8":"product_cat-mr-tazas","9":"tm-no-options","11":"first","12":"instock","13":"taxable","14":"shipping-taxable","15":"product-type-variable"},"acf":[],"_links":{"self":[{"href":"https:\/\/grupotextil.es\/en\/wp-json\/wp\/v2\/product\/212534","targetHints":{"allow":["GET"]}}],"collection":[{"href":"https:\/\/grupotextil.es\/en\/wp-json\/wp\/v2\/product"}],"about":[{"href":"https:\/\/grupotextil.es\/en\/wp-json\/wp\/v2\/types\/product"}],"replies":[{"embeddable":true,"href":"https:\/\/grupotextil.es\/en\/wp-json\/wp\/v2\/comments?post=212534"}],"wp:featuredmedia":[{"embeddable":true,"href":"https:\/\/grupotextil.es\/en\/wp-json\/wp\/v2\/media\/212535"}],"wp:attachment":[{"href":"https:\/\/grupotextil.es\/en\/wp-json\/wp\/v2\/media?parent=212534"}],"wp:term":[{"taxonomy":"product_brand","embeddable":true,"href":"https:\/\/grupotextil.es\/en\/wp-json\/wp\/v2\/product_brand?post=212534"},{"taxonomy":"product_cat","embeddable":true,"href":"https:\/\/grupotextil.es\/en\/wp-json\/wp\/v2\/product_cat?post=212534"},{"taxonomy":"product_tag","embeddable":true,"href":"https:\/\/grupotextil.es\/en\/wp-json\/wp\/v2\/product_tag?post=212534"}],"curies":[{"name":"wp","href":"https:\/\/api.w.org\/{rel}","templated":true}]}}