{"id":212582,"date":"2026-03-04T02:37:45","date_gmt":"2026-03-04T01:37:45","guid":{"rendered":"https:\/\/grupotextil.es\/producto\/taza-ceramica-stamina-amit-1640\/"},"modified":"2026-03-04T06:14:56","modified_gmt":"2026-03-04T05:14:56","slug":"taza-ceramica-stamina-amit-1640","status":"publish","type":"product","link":"https:\/\/grupotextil.es\/en\/product\/taza-ceramica-stamina-amit-1640\/","title":{"rendered":"Taza Cer\u00e1mica Stamina Amit 1640"},"content":{"rendered":"<p>Taza elaborada en cer\u00e1mica con dise\u00f1o compacto y acabado mate. Con capacidad de 230ml. Con interior en color blanco y cuerpo exterior a color. El asa va a conjunto del cuerpo exterior. Es una taza vers\u00e1til y c\u00f3moda para tomar cualquier tipo de bebida como caf\u00e9 o infusi\u00f3n.<\/p>","protected":false},"excerpt":{"rendered":"<p>Taza elaborada en cer\u00e1mica con dise\u00f1o compacto y acabado mate. Con capacidad de 230ml. Con interior en color blanco y cuerpo exterior a color. El asa va a conjunto del cuerpo exterior. Es una taza vers\u00e1til y c\u00f3moda para tomar cualquier tipo de bebida como caf\u00e9 o infusi\u00f3n.<\/p>","protected":false},"featured_media":212583,"comment_status":"open","ping_status":"closed","template":"","meta":{"_acf_changed":false},"product_brand":[14012],"product_cat":[14006,13971],"product_tag":[],"class_list":{"0":"post-212582","1":"product","2":"type-product","3":"status-publish","4":"has-post-thumbnail","6":"product_brand-stamina","7":"product_cat-acc-merchandising","8":"product_cat-mr-tazas","9":"tm-no-options","11":"first","12":"instock","13":"taxable","14":"shipping-taxable","15":"product-type-variable"},"acf":[],"_links":{"self":[{"href":"https:\/\/grupotextil.es\/en\/wp-json\/wp\/v2\/product\/212582","targetHints":{"allow":["GET"]}}],"collection":[{"href":"https:\/\/grupotextil.es\/en\/wp-json\/wp\/v2\/product"}],"about":[{"href":"https:\/\/grupotextil.es\/en\/wp-json\/wp\/v2\/types\/product"}],"replies":[{"embeddable":true,"href":"https:\/\/grupotextil.es\/en\/wp-json\/wp\/v2\/comments?post=212582"}],"wp:featuredmedia":[{"embeddable":true,"href":"https:\/\/grupotextil.es\/en\/wp-json\/wp\/v2\/media\/212583"}],"wp:attachment":[{"href":"https:\/\/grupotextil.es\/en\/wp-json\/wp\/v2\/media?parent=212582"}],"wp:term":[{"taxonomy":"product_brand","embeddable":true,"href":"https:\/\/grupotextil.es\/en\/wp-json\/wp\/v2\/product_brand?post=212582"},{"taxonomy":"product_cat","embeddable":true,"href":"https:\/\/grupotextil.es\/en\/wp-json\/wp\/v2\/product_cat?post=212582"},{"taxonomy":"product_tag","embeddable":true,"href":"https:\/\/grupotextil.es\/en\/wp-json\/wp\/v2\/product_tag?post=212582"}],"curies":[{"name":"wp","href":"https:\/\/api.w.org\/{rel}","templated":true}]}}