{"id":212591,"date":"2026-03-04T02:37:53","date_gmt":"2026-03-04T01:37:53","guid":{"rendered":"https:\/\/grupotextil.es\/producto\/taza-doble-capa-stamina-kencher-1589\/"},"modified":"2026-03-04T06:14:56","modified_gmt":"2026-03-04T05:14:56","slug":"taza-doble-capa-stamina-kencher-1589","status":"publish","type":"product","link":"https:\/\/grupotextil.es\/en\/product\/taza-doble-capa-stamina-kencher-1589\/","title":{"rendered":"Taza Doble Capa Stamina Kencher 1589"},"content":{"rendered":"<p>Taza de doble capa, acero inoxidable 304 y PP. Con capacidad para 600ml. Incluye tapa dosificadora con tap\u00f3n de cierre, evitando as\u00ed la ca\u00edda de l\u00edquidos. F\u00e1cilmente transportable gracias a su asa y dise\u00f1o.<\/p>","protected":false},"excerpt":{"rendered":"<p>Taza de doble capa, acero inoxidable 304 y PP. Con capacidad para 600ml. Incluye tapa dosificadora con tap\u00f3n de cierre, evitando as\u00ed la ca\u00edda de l\u00edquidos. F\u00e1cilmente transportable gracias a su asa y dise\u00f1o.<\/p>","protected":false},"featured_media":212592,"comment_status":"open","ping_status":"closed","template":"","meta":{"_acf_changed":false},"product_brand":[14012],"product_cat":[14006,13971],"product_tag":[],"class_list":{"0":"post-212591","1":"product","2":"type-product","3":"status-publish","4":"has-post-thumbnail","6":"product_brand-stamina","7":"product_cat-acc-merchandising","8":"product_cat-mr-tazas","9":"tm-no-options","11":"first","12":"instock","13":"taxable","14":"shipping-taxable","15":"product-type-variable"},"acf":[],"_links":{"self":[{"href":"https:\/\/grupotextil.es\/en\/wp-json\/wp\/v2\/product\/212591","targetHints":{"allow":["GET"]}}],"collection":[{"href":"https:\/\/grupotextil.es\/en\/wp-json\/wp\/v2\/product"}],"about":[{"href":"https:\/\/grupotextil.es\/en\/wp-json\/wp\/v2\/types\/product"}],"replies":[{"embeddable":true,"href":"https:\/\/grupotextil.es\/en\/wp-json\/wp\/v2\/comments?post=212591"}],"wp:featuredmedia":[{"embeddable":true,"href":"https:\/\/grupotextil.es\/en\/wp-json\/wp\/v2\/media\/212592"}],"wp:attachment":[{"href":"https:\/\/grupotextil.es\/en\/wp-json\/wp\/v2\/media?parent=212591"}],"wp:term":[{"taxonomy":"product_brand","embeddable":true,"href":"https:\/\/grupotextil.es\/en\/wp-json\/wp\/v2\/product_brand?post=212591"},{"taxonomy":"product_cat","embeddable":true,"href":"https:\/\/grupotextil.es\/en\/wp-json\/wp\/v2\/product_cat?post=212591"},{"taxonomy":"product_tag","embeddable":true,"href":"https:\/\/grupotextil.es\/en\/wp-json\/wp\/v2\/product_tag?post=212591"}],"curies":[{"name":"wp","href":"https:\/\/api.w.org\/{rel}","templated":true}]}}