{"id":212635,"date":"2026-03-04T02:38:37","date_gmt":"2026-03-04T01:38:37","guid":{"rendered":"https:\/\/grupotextil.es\/producto\/navaja-acero-inoxidable-stamina-voro-1557\/"},"modified":"2026-03-04T06:14:57","modified_gmt":"2026-03-04T05:14:57","slug":"navaja-acero-inoxidable-stamina-voro-1557","status":"publish","type":"product","link":"https:\/\/grupotextil.es\/en\/product\/navaja-acero-inoxidable-stamina-voro-1557\/","title":{"rendered":"Navaja Acero Inoxidable Stamina Voro 1557"},"content":{"rendered":"<p>Navaja de acero inoxidable con empu\u00f1adura de bamb\u00fa y mosquet\u00f3n.<\/p>","protected":false},"excerpt":{"rendered":"<p>Navaja de acero inoxidable con empu\u00f1adura de bamb\u00fa y mosquet\u00f3n.<\/p>","protected":false},"featured_media":212636,"comment_status":"open","ping_status":"closed","template":"","meta":{"_acf_changed":false},"product_brand":[14012],"product_cat":[9841],"product_tag":[],"class_list":{"0":"post-212635","1":"product","2":"type-product","3":"status-publish","4":"has-post-thumbnail","6":"product_brand-stamina","7":"product_cat-sostenible","8":"tm-no-options","10":"first","11":"instock","12":"taxable","13":"shipping-taxable","14":"product-type-variable"},"acf":[],"_links":{"self":[{"href":"https:\/\/grupotextil.es\/en\/wp-json\/wp\/v2\/product\/212635","targetHints":{"allow":["GET"]}}],"collection":[{"href":"https:\/\/grupotextil.es\/en\/wp-json\/wp\/v2\/product"}],"about":[{"href":"https:\/\/grupotextil.es\/en\/wp-json\/wp\/v2\/types\/product"}],"replies":[{"embeddable":true,"href":"https:\/\/grupotextil.es\/en\/wp-json\/wp\/v2\/comments?post=212635"}],"wp:featuredmedia":[{"embeddable":true,"href":"https:\/\/grupotextil.es\/en\/wp-json\/wp\/v2\/media\/212636"}],"wp:attachment":[{"href":"https:\/\/grupotextil.es\/en\/wp-json\/wp\/v2\/media?parent=212635"}],"wp:term":[{"taxonomy":"product_brand","embeddable":true,"href":"https:\/\/grupotextil.es\/en\/wp-json\/wp\/v2\/product_brand?post=212635"},{"taxonomy":"product_cat","embeddable":true,"href":"https:\/\/grupotextil.es\/en\/wp-json\/wp\/v2\/product_cat?post=212635"},{"taxonomy":"product_tag","embeddable":true,"href":"https:\/\/grupotextil.es\/en\/wp-json\/wp\/v2\/product_tag?post=212635"}],"curies":[{"name":"wp","href":"https:\/\/api.w.org\/{rel}","templated":true}]}}